{"id":10781,"date":"2020-07-21T01:11:59","date_gmt":"2020-07-21T01:11:59","guid":{"rendered":"https:\/\/basakcilastik.com.tr\/?post_type=product&#038;p=10781"},"modified":"2020-07-21T01:34:55","modified_gmt":"2020-07-21T01:34:55","slug":"b-2-air-kaynak-agzi-acma-makinesi-nko24200","status":"publish","type":"product","link":"http:\/\/basakcilastik.com.tr\/?product=b-2-air-kaynak-agzi-acma-makinesi-nko24200","title":{"rendered":"B 2-Air Kaynak A\u011fz\u0131 A\u00e7ma Makinesi NKO24200"},"content":{"rendered":"<p>B 2-Air Kaynak A\u011fz\u0131 A\u00e7ma Makinesi<\/p>\n<table width=\"310\">\n<tbody>\n<tr>\n<td width=\"50%\"><strong>Kaynak A\u011fz\u0131 A\u00e7\u0131s\u0131<\/strong><\/td>\n<td>:45\u00b0<\/td>\n<\/tr>\n<tr>\n<td width=\"50%\"><strong>Kaynak A\u011fz\u0131 Derinli\u011fi<\/strong><\/td>\n<td>:0 \u2013 2 mm<\/td>\n<\/tr>\n<tr>\n<td width=\"50%\"><strong>Rad\u00fcsl\u00fc Kaynak A\u011fz\u0131 Derinli\u011fi<\/strong><\/td>\n<td>:R 1,5 mm<\/td>\n<\/tr>\n<tr>\n<td width=\"50%\"><strong>Motor H\u0131z\u0131<\/strong><\/td>\n<td>:23,000 d\/dk<\/td>\n<\/tr>\n<tr>\n<td width=\"50%\"><strong>Besleme<\/strong><\/td>\n<td>:Manuel<\/td>\n<\/tr>\n<tr>\n<td width=\"50%\"><strong>Hava T\u00fcketimi<\/strong><\/td>\n<td>:320 l\/ dk<\/td>\n<\/tr>\n<tr>\n<td width=\"50%\"><strong>\u00d6l\u00e7\u00fcleri<\/strong><\/td>\n<td>:112x60x48 mm<\/td>\n<\/tr>\n<tr>\n<td width=\"50%\"><strong>A\u011f\u0131rl\u0131k<\/strong><\/td>\n<td>:400 gr<\/td>\n<\/tr>\n<tr>\n<td width=\"50%\"><strong>B\u0131\u00e7ak Say\u0131s\u0131<\/strong><\/td>\n<td>:3 adet<\/td>\n<\/tr>\n<\/tbody>\n<\/table>\n<p>Teknik \u00d6zellik<\/p>\n<p>\u00c7elik, paslanmaz \u00e7elik, al\u00fcminyum ve di\u011fer metal plakalar \u00fczerinde kaynak a\u011fz\u0131 a\u00e7mak, \u00e7apak temizlemek ve kenar yuvarlamak i\u00e7in tasarlanm\u0131\u015ft\u0131r. \u0130\u00e7 \u00e7ap\u0131 6,8 mm \u00fczerindeki delikler \u00fczerinde \u00e7al\u0131\u015fmaya uygundur.<\/p>\n<ul>\n<li>Kompakt dizayn ve harika ergonomi sayesinde tek el ile kullan\u0131labilir.<\/li>\n<li>Yaln\u0131zca 400 gr a\u011f\u0131rl\u0131\u011f\u0131ndad\u0131r.<\/li>\n<li>G\u00fc\u00e7l\u00fc ve sa\u011flam pn\u00f6matik motora sahiptir.<\/li>\n<li>1,5 mm rad\u00fcsl\u00fc kaynak a\u011fz\u0131 a\u00e7abilme, boya \u00f6ncesi plakalar\u0131n kenarlar\u0131n\u0131 yuvarlama imkan\u0131 sa\u011flar.<\/li>\n<li>Ayar ba\u015fl\u0131\u011f\u0131 sayesinde, kaynak a\u011fz\u0131 derinli\u011fi ayarlanabilir.<\/li>\n<\/ul>\n","protected":false},"excerpt":{"rendered":"<p>B 2-Air Kaynak A\u011fz\u0131 A\u00e7ma Makinesi Kaynak A\u011fz\u0131 A\u00e7\u0131s\u0131 :45\u00b0 Kaynak A\u011fz\u0131 Derinli\u011fi :0 \u2013 2 mm Rad\u00fcsl\u00fc Kaynak A\u011fz\u0131 Derinli\u011fi :R 1,5 mm Motor H\u0131z\u0131 :23,000 d\/dk Besleme :Manuel Hava T\u00fcketimi :320 l\/ dk \u00d6l\u00e7\u00fcleri :112x60x48 mm A\u011f\u0131rl\u0131k :400 gr B\u0131\u00e7ak Say\u0131s\u0131 :3 adet Teknik \u00d6zellik \u00c7elik, paslanmaz \u00e7elik, al\u00fcminyum ve di\u011fer metal plakalar \u00fczerinde kaynak a\u011fz\u0131 a\u00e7mak, \u00e7apak [&hellip;]<\/p>\n","protected":false},"featured_media":10795,"comment_status":"open","ping_status":"closed","template":"","meta":[],"product_brand":[],"product_cat":[15,131,133],"product_tag":[],"class_list":{"0":"post-10781","1":"product","2":"type-product","3":"status-publish","4":"has-post-thumbnail","6":"product_cat-genel","7":"product_cat-gaz-armaturleri-basinc-dusuruculer","8":"product_cat-kaynak-agiz-acma-makine","10":"first","11":"instock","12":"shipping-taxable","13":"product-type-simple"},"_links":{"self":[{"href":"http:\/\/basakcilastik.com.tr\/index.php?rest_route=\/wp\/v2\/product\/10781","targetHints":{"allow":["GET"]}}],"collection":[{"href":"http:\/\/basakcilastik.com.tr\/index.php?rest_route=\/wp\/v2\/product"}],"about":[{"href":"http:\/\/basakcilastik.com.tr\/index.php?rest_route=\/wp\/v2\/types\/product"}],"replies":[{"embeddable":true,"href":"http:\/\/basakcilastik.com.tr\/index.php?rest_route=%2Fwp%2Fv2%2Fcomments&post=10781"}],"wp:featuredmedia":[{"embeddable":true,"href":"http:\/\/basakcilastik.com.tr\/index.php?rest_route=\/wp\/v2\/media\/10795"}],"wp:attachment":[{"href":"http:\/\/basakcilastik.com.tr\/index.php?rest_route=%2Fwp%2Fv2%2Fmedia&parent=10781"}],"wp:term":[{"taxonomy":"product_brand","embeddable":true,"href":"http:\/\/basakcilastik.com.tr\/index.php?rest_route=%2Fwp%2Fv2%2Fproduct_brand&post=10781"},{"taxonomy":"product_cat","embeddable":true,"href":"http:\/\/basakcilastik.com.tr\/index.php?rest_route=%2Fwp%2Fv2%2Fproduct_cat&post=10781"},{"taxonomy":"product_tag","embeddable":true,"href":"http:\/\/basakcilastik.com.tr\/index.php?rest_route=%2Fwp%2Fv2%2Fproduct_tag&post=10781"}],"curies":[{"name":"wp","href":"https:\/\/api.w.org\/{rel}","templated":true}]}}