{"id":10767,"date":"2020-07-21T00:46:54","date_gmt":"2020-07-21T00:46:54","guid":{"rendered":"https:\/\/basakcilastik.com.tr\/?post_type=product&#038;p=10767"},"modified":"2020-07-21T00:46:57","modified_gmt":"2020-07-21T00:46:57","slug":"kesme-lulesi-no6-propan-100-175-mm-45406p","status":"publish","type":"product","link":"http:\/\/basakcilastik.com.tr\/?product=kesme-lulesi-no6-propan-100-175-mm-45406p","title":{"rendered":"Kesme L\u00fclesi No6 &#8211; Propan 100-175 mm 45406P"},"content":{"rendered":"<p>Kesme L\u00fclesi No:6 &#8211; Propan 100-175 mm<\/p>\n<table width=\"310\">\n<tbody>\n<tr>\n<td width=\"50%\"><strong>Kullan\u0131ld\u0131\u011f\u0131 Hamla\u00e7lar<\/strong><\/td>\n<td>:4542P-4543P<\/td>\n<\/tr>\n<tr>\n<td width=\"50%\"><strong>Kesme Kapasitesi<\/strong><\/td>\n<td>:100 &#8211; 175 mm<\/td>\n<\/tr>\n<tr>\n<td width=\"50%\"><strong>Oksijen Gaz Bas\u0131nc\u0131<\/strong><\/td>\n<td>:3,5-5,5 bar<\/td>\n<\/tr>\n<tr>\n<td width=\"50%\"><strong>Tavlama Oksijen Gaz Sarfiyat\u0131<\/strong><\/td>\n<td>:360 &#8211; 390 l\/h<\/td>\n<\/tr>\n<tr>\n<td width=\"50%\"><strong>Kesme Oksijen Gaz Sarfiyat\u0131<\/strong><\/td>\n<td>:1380 &#8211; 1980 l\/h<\/td>\n<\/tr>\n<tr>\n<td width=\"50%\"><strong>Propan Gaz Bas\u0131nc\u0131<\/strong><\/td>\n<td>:0,7 bar<\/td>\n<\/tr>\n<tr>\n<td width=\"50%\"><strong>Propan Gaz Sarfiyat\u0131<\/strong><\/td>\n<td>:380 &#8211; 480 l\/h<\/td>\n<\/tr>\n<\/tbody>\n<\/table>\n","protected":false},"excerpt":{"rendered":"<p>Kesme L\u00fclesi No:6 &#8211; Propan 100-175 mm Kullan\u0131ld\u0131\u011f\u0131 Hamla\u00e7lar :4542P-4543P Kesme Kapasitesi :100 &#8211; 175 mm Oksijen Gaz Bas\u0131nc\u0131 :3,5-5,5 bar Tavlama Oksijen Gaz Sarfiyat\u0131 :360 &#8211; 390 l\/h Kesme Oksijen Gaz Sarfiyat\u0131 :1380 &#8211; 1980 l\/h Propan Gaz Bas\u0131nc\u0131 :0,7 bar Propan Gaz Sarfiyat\u0131 :380 &#8211; 480 l\/h<\/p>\n","protected":false},"featured_media":10768,"comment_status":"open","ping_status":"closed","template":"","meta":[],"product_brand":[],"product_cat":[15,132,131],"product_tag":[],"class_list":{"0":"post-10767","1":"product","2":"type-product","3":"status-publish","4":"has-post-thumbnail","6":"product_cat-genel","7":"product_cat-gaz-armaturleri","8":"product_cat-gaz-armaturleri-basinc-dusuruculer","10":"first","11":"instock","12":"shipping-taxable","13":"product-type-simple"},"_links":{"self":[{"href":"http:\/\/basakcilastik.com.tr\/index.php?rest_route=\/wp\/v2\/product\/10767","targetHints":{"allow":["GET"]}}],"collection":[{"href":"http:\/\/basakcilastik.com.tr\/index.php?rest_route=\/wp\/v2\/product"}],"about":[{"href":"http:\/\/basakcilastik.com.tr\/index.php?rest_route=\/wp\/v2\/types\/product"}],"replies":[{"embeddable":true,"href":"http:\/\/basakcilastik.com.tr\/index.php?rest_route=%2Fwp%2Fv2%2Fcomments&post=10767"}],"wp:featuredmedia":[{"embeddable":true,"href":"http:\/\/basakcilastik.com.tr\/index.php?rest_route=\/wp\/v2\/media\/10768"}],"wp:attachment":[{"href":"http:\/\/basakcilastik.com.tr\/index.php?rest_route=%2Fwp%2Fv2%2Fmedia&parent=10767"}],"wp:term":[{"taxonomy":"product_brand","embeddable":true,"href":"http:\/\/basakcilastik.com.tr\/index.php?rest_route=%2Fwp%2Fv2%2Fproduct_brand&post=10767"},{"taxonomy":"product_cat","embeddable":true,"href":"http:\/\/basakcilastik.com.tr\/index.php?rest_route=%2Fwp%2Fv2%2Fproduct_cat&post=10767"},{"taxonomy":"product_tag","embeddable":true,"href":"http:\/\/basakcilastik.com.tr\/index.php?rest_route=%2Fwp%2Fv2%2Fproduct_tag&post=10767"}],"curies":[{"name":"wp","href":"https:\/\/api.w.org\/{rel}","templated":true}]}}