{"id":10603,"date":"2020-07-20T23:54:25","date_gmt":"2020-07-20T23:54:25","guid":{"rendered":"https:\/\/basakcilastik.com.tr\/?post_type=product&#038;p=10603"},"modified":"2020-07-20T23:54:26","modified_gmt":"2020-07-20T23:54:26","slug":"kesme-hamlac-takimi-asetilen-oksijen-4410a4420a2601-4416a","status":"publish","type":"product","link":"http:\/\/basakcilastik.com.tr\/?product=kesme-hamlac-takimi-asetilen-oksijen-4410a4420a2601-4416a","title":{"rendered":"Kesme Hamla\u00e7 Tak\u0131m\u0131 Asetilen &#8211; Oksijen (4410A+4420A+2601) 4416A"},"content":{"rendered":"<p>Kesme Hamla\u00e7 Tak\u0131m\u0131 Asetilen &#8211; Oksijen (4410A+4420A+2601)<\/p>\n<p>&nbsp;<\/p>\n<table width=\"310\">\n<tbody>\n<tr>\n<td width=\"50%\"><strong>Kesme Kapasitesi<\/strong><\/td>\n<td>:3-100 mm<\/td>\n<\/tr>\n<tr>\n<td width=\"50%\"><strong>\u0130\u00e7eri\u011fi<\/strong><\/td>\n<td>:Kesme Hamlac\u0131+Tutamak+3-100 mm Kesme L\u00fcleleri<\/td>\n<\/tr>\n<tr>\n<td width=\"50%\"><strong>Gaz Cinsi<\/strong><\/td>\n<td>:Oksijen -Asetilen<\/td>\n<\/tr>\n<\/tbody>\n<\/table>\n<p>&nbsp;<\/p>\n<p>Teknik \u00d6zellikler<\/p>\n<ul>\n<li>Oksijen-Yan\u0131c\u0131 gaz kesme uygulamalar\u0131.<\/li>\n<li>EN ISO 5172 standard\u0131na uygunluk<\/li>\n<li>Enjekt\u00f6rl\u00fc Tip kesme Ekipman\u0131<\/li>\n<li>Gaz Cinsine \u00f6zel tasar\u0131m (Propan \/ Do\u011fal Gaz \/ Asetilen)<\/li>\n<li>Kullan\u0131m kolayl\u0131\u011f\u0131 dikkate al\u0131nm\u0131\u015f hafif tasar\u0131m<\/li>\n<li>S\u0131zd\u0131rmazl\u0131\u011f\u0131 sa\u011flayan O-ring sistemi, iyile\u015ftirilmi\u015f Tetik Sistemi<\/li>\n<li>0-100 mm kesme kapasitesi<\/li>\n<li>Alev emniyet ba\u011flanmaya uygun tasar\u0131m.<\/li>\n<\/ul>\n","protected":false},"excerpt":{"rendered":"<p>Kesme Hamla\u00e7 Tak\u0131m\u0131 Asetilen &#8211; Oksijen (4410A+4420A+2601) &nbsp; Kesme Kapasitesi :3-100 mm \u0130\u00e7eri\u011fi :Kesme Hamlac\u0131+Tutamak+3-100 mm Kesme L\u00fcleleri Gaz Cinsi :Oksijen -Asetilen &nbsp; Teknik \u00d6zellikler Oksijen-Yan\u0131c\u0131 gaz kesme uygulamalar\u0131. EN ISO 5172 standard\u0131na uygunluk Enjekt\u00f6rl\u00fc Tip kesme Ekipman\u0131 Gaz Cinsine \u00f6zel tasar\u0131m (Propan \/ Do\u011fal Gaz \/ Asetilen) Kullan\u0131m kolayl\u0131\u011f\u0131 dikkate al\u0131nm\u0131\u015f hafif tasar\u0131m S\u0131zd\u0131rmazl\u0131\u011f\u0131 sa\u011flayan O-ring sistemi, iyile\u015ftirilmi\u015f Tetik [&hellip;]<\/p>\n","protected":false},"featured_media":10606,"comment_status":"open","ping_status":"closed","template":"","meta":[],"product_brand":[],"product_cat":[15,132,131],"product_tag":[],"class_list":{"0":"post-10603","1":"product","2":"type-product","3":"status-publish","4":"has-post-thumbnail","6":"product_cat-genel","7":"product_cat-gaz-armaturleri","8":"product_cat-gaz-armaturleri-basinc-dusuruculer","10":"first","11":"instock","12":"shipping-taxable","13":"product-type-simple"},"_links":{"self":[{"href":"http:\/\/basakcilastik.com.tr\/index.php?rest_route=\/wp\/v2\/product\/10603","targetHints":{"allow":["GET"]}}],"collection":[{"href":"http:\/\/basakcilastik.com.tr\/index.php?rest_route=\/wp\/v2\/product"}],"about":[{"href":"http:\/\/basakcilastik.com.tr\/index.php?rest_route=\/wp\/v2\/types\/product"}],"replies":[{"embeddable":true,"href":"http:\/\/basakcilastik.com.tr\/index.php?rest_route=%2Fwp%2Fv2%2Fcomments&post=10603"}],"wp:featuredmedia":[{"embeddable":true,"href":"http:\/\/basakcilastik.com.tr\/index.php?rest_route=\/wp\/v2\/media\/10606"}],"wp:attachment":[{"href":"http:\/\/basakcilastik.com.tr\/index.php?rest_route=%2Fwp%2Fv2%2Fmedia&parent=10603"}],"wp:term":[{"taxonomy":"product_brand","embeddable":true,"href":"http:\/\/basakcilastik.com.tr\/index.php?rest_route=%2Fwp%2Fv2%2Fproduct_brand&post=10603"},{"taxonomy":"product_cat","embeddable":true,"href":"http:\/\/basakcilastik.com.tr\/index.php?rest_route=%2Fwp%2Fv2%2Fproduct_cat&post=10603"},{"taxonomy":"product_tag","embeddable":true,"href":"http:\/\/basakcilastik.com.tr\/index.php?rest_route=%2Fwp%2Fv2%2Fproduct_tag&post=10603"}],"curies":[{"name":"wp","href":"https:\/\/api.w.org\/{rel}","templated":true}]}}