{"id":10561,"date":"2020-07-20T23:42:39","date_gmt":"2020-07-20T23:42:39","guid":{"rendered":"https:\/\/basakcilastik.com.tr\/?post_type=product&#038;p=10561"},"modified":"2020-07-20T23:42:40","modified_gmt":"2020-07-20T23:42:40","slug":"kaynak-ve-lehimleme-kollari-asetilen","status":"publish","type":"product","link":"http:\/\/basakcilastik.com.tr\/?product=kaynak-ve-lehimleme-kollari-asetilen","title":{"rendered":"Kaynak ve Lehimleme Kollar\u0131 (Asetilen)"},"content":{"rendered":"<p>Miksere ba\u011fl\u0131 olarak pazara sunulan kaynak ve sert lehimleme l\u00fcleleri tek par\u00e7a olarak \u00fcretilmektedir. Kaynak ve lehimleme kollar\u0131n\u0131n ucunda ilave bir l\u00fcle bulunmad\u0131\u011f\u0131 i\u00e7in, iki par\u00e7adan olu\u015fan rakip \u00fcr\u00fcnlerdeki bak\u0131r-pirin\u00e7 par\u00e7alar\u0131n farkl\u0131 ergime s\u0131cakl\u0131klar\u0131na sahip olas\u0131ndan kaynaklanan farkl\u0131 genle\u015fme miktarlar\u0131n\u0131n uygulama s\u0131ras\u0131nda neden oldu\u011fu gaz ka\u00e7aklar\u0131 tamamen \u00f6nlenmi\u015ftir.<\/p>\n<table width=\"630\">\n<thead>\n<tr>\n<td><strong>\u00dcr\u00fcn<br \/>\nStok<br \/>\nKodu<\/strong><\/td>\n<td><strong>Sac<br \/>\nKal\u0131nl\u0131\u011f\u0131<br \/>\n(mm)<\/strong><\/td>\n<td><strong>Oksijen<br \/>\nGaz Bas\u0131nc\u0131<br \/>\n(Bar)<\/strong><\/td>\n<td><strong>Asetilen<br \/>\nGaz Bas\u0131nc\u0131<br \/>\n(Bar)<\/strong><\/td>\n<td><strong>\u00dcr\u00fcn<br \/>\nA\u00e7\u0131klamas\u0131<br \/>\n(Mikser+L\u00fcle)<\/strong><\/td>\n<\/tr>\n<\/thead>\n<tbody>\n<tr>\n<td><strong>82HC5541<\/strong><\/td>\n<td>0,2 &#8211; 0,5<\/td>\n<td>0,3 &#8211; 0,8<\/td>\n<td>0,3 &#8211; 0,8<\/td>\n<td>Mikser (82HC554M1) + L\u00fcle (82HC554A0)<\/td>\n<\/tr>\n<tr>\n<td><strong>82HC5542<\/strong><\/td>\n<td>0,5 &#8211; 1,0<\/td>\n<td>0,3 &#8211; 0,8<\/td>\n<td>0,3 &#8211; 0,8<\/td>\n<td>Mikser (82HC554M1) + L\u00fcle (82HC554A1)<\/td>\n<\/tr>\n<tr>\n<td><strong>82HC5543<\/strong><\/td>\n<td>1 &#8211; 2<\/td>\n<td>0,3 &#8211; 0,8<\/td>\n<td>0,3 &#8211; 0,8<\/td>\n<td>Mikser (82HC554M1) + L\u00fcle (82HC554A3)<\/td>\n<\/tr>\n<tr>\n<td><strong>82HC5544<\/strong><\/td>\n<td>2 &#8211; 4<\/td>\n<td>0,3 &#8211; 0,8<\/td>\n<td>0,3 &#8211; 0,8<\/td>\n<td>Mikser (82HC554M1) + L\u00fcle (82HC554A5)<\/td>\n<\/tr>\n<tr>\n<td><strong>82HC5545<\/strong><\/td>\n<td>4 &#8211; 6<\/td>\n<td>0,3 &#8211; 0,8<\/td>\n<td>0,3 &#8211; 0,8<\/td>\n<td>Mikser (82HC554M1) + L\u00fcle (82HC554A6)<\/td>\n<\/tr>\n<tr>\n<td><strong>82HC5546<\/strong><\/td>\n<td>6 &#8211; 9<\/td>\n<td>0,3 &#8211; 0,8<\/td>\n<td>0,3 &#8211; 0,8<\/td>\n<td>Mikser (82HC554M1) + L\u00fcle (82HC554A8)<\/td>\n<\/tr>\n<tr>\n<td><strong>82HC5547<\/strong><\/td>\n<td>\u00a0\u00a09 &#8211; 14<\/td>\n<td>0,3 &#8211; 0,8<\/td>\n<td>0,3 &#8211; 0,8<\/td>\n<td>Mikser (82HC554M1) + L\u00fcle (82HC554A9)<\/td>\n<\/tr>\n<tr>\n<td><strong>82HC5548<\/strong><\/td>\n<td>14 &#8211; 20<\/td>\n<td>0,3 &#8211; 0,8<\/td>\n<td>0,3 &#8211; 0,8<\/td>\n<td>Mikser (82HC554M1) + L\u00fcle (82HC554A10)<\/td>\n<\/tr>\n<tr>\n<td><strong>82HC5549<\/strong><\/td>\n<td>20 &#8211; 30<\/td>\n<td>0,3 &#8211; 0,8<\/td>\n<td>0,3 &#8211; 0,8<\/td>\n<td>Mikser (82HC554M2) + L\u00fcle (82HC554A13)<\/td>\n<\/tr>\n<tr>\n<td><strong>82HC55410<\/strong><\/td>\n<td>30 &#8211; 50<\/td>\n<td>0,3 &#8211; 0,8<\/td>\n<td>0,3 &#8211; 0,8<\/td>\n<td>Mikser (82HC554M2) + L\u00fcle (82HC554A15)<\/td>\n<\/tr>\n<\/tbody>\n<\/table>\n","protected":false},"excerpt":{"rendered":"<p>Miksere ba\u011fl\u0131 olarak pazara sunulan kaynak ve sert lehimleme l\u00fcleleri tek par\u00e7a olarak \u00fcretilmektedir. Kaynak ve lehimleme kollar\u0131n\u0131n ucunda ilave bir l\u00fcle bulunmad\u0131\u011f\u0131 i\u00e7in, iki par\u00e7adan olu\u015fan rakip \u00fcr\u00fcnlerdeki bak\u0131r-pirin\u00e7 par\u00e7alar\u0131n farkl\u0131 ergime s\u0131cakl\u0131klar\u0131na sahip olas\u0131ndan kaynaklanan farkl\u0131 genle\u015fme miktarlar\u0131n\u0131n uygulama s\u0131ras\u0131nda neden oldu\u011fu gaz ka\u00e7aklar\u0131 tamamen \u00f6nlenmi\u015ftir. \u00dcr\u00fcn Stok Kodu Sac Kal\u0131nl\u0131\u011f\u0131 (mm) Oksijen Gaz Bas\u0131nc\u0131 (Bar) Asetilen Gaz [&hellip;]<\/p>\n","protected":false},"featured_media":10564,"comment_status":"open","ping_status":"closed","template":"","meta":[],"product_brand":[],"product_cat":[15,132,131],"product_tag":[],"class_list":{"0":"post-10561","1":"product","2":"type-product","3":"status-publish","4":"has-post-thumbnail","6":"product_cat-genel","7":"product_cat-gaz-armaturleri","8":"product_cat-gaz-armaturleri-basinc-dusuruculer","10":"first","11":"instock","12":"shipping-taxable","13":"product-type-simple"},"_links":{"self":[{"href":"http:\/\/basakcilastik.com.tr\/index.php?rest_route=\/wp\/v2\/product\/10561","targetHints":{"allow":["GET"]}}],"collection":[{"href":"http:\/\/basakcilastik.com.tr\/index.php?rest_route=\/wp\/v2\/product"}],"about":[{"href":"http:\/\/basakcilastik.com.tr\/index.php?rest_route=\/wp\/v2\/types\/product"}],"replies":[{"embeddable":true,"href":"http:\/\/basakcilastik.com.tr\/index.php?rest_route=%2Fwp%2Fv2%2Fcomments&post=10561"}],"wp:featuredmedia":[{"embeddable":true,"href":"http:\/\/basakcilastik.com.tr\/index.php?rest_route=\/wp\/v2\/media\/10564"}],"wp:attachment":[{"href":"http:\/\/basakcilastik.com.tr\/index.php?rest_route=%2Fwp%2Fv2%2Fmedia&parent=10561"}],"wp:term":[{"taxonomy":"product_brand","embeddable":true,"href":"http:\/\/basakcilastik.com.tr\/index.php?rest_route=%2Fwp%2Fv2%2Fproduct_brand&post=10561"},{"taxonomy":"product_cat","embeddable":true,"href":"http:\/\/basakcilastik.com.tr\/index.php?rest_route=%2Fwp%2Fv2%2Fproduct_cat&post=10561"},{"taxonomy":"product_tag","embeddable":true,"href":"http:\/\/basakcilastik.com.tr\/index.php?rest_route=%2Fwp%2Fv2%2Fproduct_tag&post=10561"}],"curies":[{"name":"wp","href":"https:\/\/api.w.org\/{rel}","templated":true}]}}