{"id":10560,"date":"2020-07-20T23:42:06","date_gmt":"2020-07-20T23:42:06","guid":{"rendered":"https:\/\/basakcilastik.com.tr\/?post_type=product&#038;p=10560"},"modified":"2020-07-20T23:42:07","modified_gmt":"2020-07-20T23:42:07","slug":"technology-plasma-41-815493","status":"publish","type":"product","link":"http:\/\/basakcilastik.com.tr\/?product=technology-plasma-41-815493","title":{"rendered":"Technology Plasma 41 815493"},"content":{"rendered":"<p>TECHNOLOGY PLASMA 41<\/p>\n<table width=\"310\">\n<tbody>\n<tr>\n<td width=\"50%\"><strong>\u015eebeke Gerilimi<\/strong><\/td>\n<td>:230<\/td>\n<\/tr>\n<tr>\n<td width=\"50%\"><strong>\u00c7ekti\u011fi G\u00fc\u00e7<\/strong><\/td>\n<td>:4<\/td>\n<\/tr>\n<tr>\n<td width=\"50%\"><strong>G\u00fc\u00e7 Fakt\u00f6r\u00fc (cos)<\/strong><\/td>\n<td>:0,7<\/td>\n<\/tr>\n<tr>\n<td width=\"50%\"><strong>Verim (n)<\/strong><\/td>\n<td>:0,85<\/td>\n<\/tr>\n<tr>\n<td width=\"50%\"><strong>Anma Ak\u0131m\u0131 (A)<\/strong><\/td>\n<td>:35 A \/ %30<\/td>\n<\/tr>\n<tr>\n<td width=\"50%\"><strong>Bo\u015fta \u00c7al\u0131\u015fma Gerilimi (V)<\/strong><\/td>\n<td>:405<\/td>\n<\/tr>\n<tr>\n<td width=\"50%\"><strong>Ak\u0131m Aral\u0131\u011f\u0131<\/strong><\/td>\n<td>:7A &#8211; 40A<\/td>\n<\/tr>\n<tr>\n<td width=\"50%\"><strong>Max Kesme Kal\u0131nl\u0131\u011f\u0131<\/strong><\/td>\n<td>:12<\/td>\n<\/tr>\n<tr>\n<td width=\"50%\"><strong>Gerekli Bas\u0131n\u00e7<\/strong><\/td>\n<td>:4 &#8211; 5<\/td>\n<\/tr>\n<tr>\n<td width=\"50%\"><strong>Bas\u0131n\u00e7l\u0131 Hava L\/min<\/strong><\/td>\n<td>:100<\/td>\n<\/tr>\n<tr>\n<td width=\"50%\"><strong>\u0130zolasyon S\u0131n\u0131f\u0131<\/strong><\/td>\n<td>:H<\/td>\n<\/tr>\n<tr>\n<td width=\"50%\"><strong>Koruma S\u0131n\u0131f\u0131<\/strong><\/td>\n<td>:IP 23<\/td>\n<\/tr>\n<tr>\n<td width=\"50%\"><strong>Makine Ebad\u0131 (mm)<\/strong><\/td>\n<td>:540 x 150 x 270<\/td>\n<\/tr>\n<tr>\n<td width=\"50%\"><strong>A\u011f\u0131rl\u0131k (kg)<\/strong><\/td>\n<td>:7,6<\/td>\n<\/tr>\n<\/tbody>\n<\/table>\n<p>Teknik \u00d6zellik<\/p>\n<ul>\n<li>Hafif ve k\u00fc\u00e7\u00fck boyutlar<\/li>\n<li>Elektronik hassas kesme ak\u0131m ayar\u0131<\/li>\n<li>Y\u00fcksek kesme ak\u0131m\u0131 kararl\u0131l\u0131\u011f\u0131<\/li>\n<li>Kesme torcu \u0131\u015f\u0131kl\u0131 kontrol uyar\u0131s\u0131<\/li>\n<li>Otomatik tor\u00e7 so\u011futmas\u0131<\/li>\n<li>Kesme havas\u0131 bas\u0131n\u00e7 g\u00f6stergesi ve kontrol korumas\u0131<\/li>\n<li>Termik, y\u00fcksek ve d\u00fc\u015f\u00fck voltaj, y\u00fcksek ak\u0131m korumas\u0131<\/li>\n<li>Opsiyonel plazma kesme pergel tak\u0131m\u0131<\/li>\n<\/ul>\n","protected":false},"excerpt":{"rendered":"<p>TECHNOLOGY PLASMA 41 \u015eebeke Gerilimi :230 \u00c7ekti\u011fi G\u00fc\u00e7 :4 G\u00fc\u00e7 Fakt\u00f6r\u00fc (cos) :0,7 Verim (n) :0,85 Anma Ak\u0131m\u0131 (A) :35 A \/ %30 Bo\u015fta \u00c7al\u0131\u015fma Gerilimi (V) :405 Ak\u0131m Aral\u0131\u011f\u0131 :7A &#8211; 40A Max Kesme Kal\u0131nl\u0131\u011f\u0131 :12 Gerekli Bas\u0131n\u00e7 :4 &#8211; 5 Bas\u0131n\u00e7l\u0131 Hava L\/min :100 \u0130zolasyon S\u0131n\u0131f\u0131 :H Koruma S\u0131n\u0131f\u0131 :IP 23 Makine Ebad\u0131 (mm) :540 x 150 x [&hellip;]<\/p>\n","protected":false},"featured_media":10562,"comment_status":"open","ping_status":"closed","template":"","meta":[],"product_brand":[],"product_cat":[15,131,134],"product_tag":[],"class_list":{"0":"post-10560","1":"product","2":"type-product","3":"status-publish","4":"has-post-thumbnail","6":"product_cat-genel","7":"product_cat-gaz-armaturleri-basinc-dusuruculer","8":"product_cat-kaynak-makineleri","10":"first","11":"instock","12":"shipping-taxable","13":"product-type-simple"},"_links":{"self":[{"href":"http:\/\/basakcilastik.com.tr\/index.php?rest_route=\/wp\/v2\/product\/10560","targetHints":{"allow":["GET"]}}],"collection":[{"href":"http:\/\/basakcilastik.com.tr\/index.php?rest_route=\/wp\/v2\/product"}],"about":[{"href":"http:\/\/basakcilastik.com.tr\/index.php?rest_route=\/wp\/v2\/types\/product"}],"replies":[{"embeddable":true,"href":"http:\/\/basakcilastik.com.tr\/index.php?rest_route=%2Fwp%2Fv2%2Fcomments&post=10560"}],"wp:featuredmedia":[{"embeddable":true,"href":"http:\/\/basakcilastik.com.tr\/index.php?rest_route=\/wp\/v2\/media\/10562"}],"wp:attachment":[{"href":"http:\/\/basakcilastik.com.tr\/index.php?rest_route=%2Fwp%2Fv2%2Fmedia&parent=10560"}],"wp:term":[{"taxonomy":"product_brand","embeddable":true,"href":"http:\/\/basakcilastik.com.tr\/index.php?rest_route=%2Fwp%2Fv2%2Fproduct_brand&post=10560"},{"taxonomy":"product_cat","embeddable":true,"href":"http:\/\/basakcilastik.com.tr\/index.php?rest_route=%2Fwp%2Fv2%2Fproduct_cat&post=10560"},{"taxonomy":"product_tag","embeddable":true,"href":"http:\/\/basakcilastik.com.tr\/index.php?rest_route=%2Fwp%2Fv2%2Fproduct_tag&post=10560"}],"curies":[{"name":"wp","href":"https:\/\/api.w.org\/{rel}","templated":true}]}}