{"id":10558,"date":"2020-07-20T23:41:37","date_gmt":"2020-07-20T23:41:37","guid":{"rendered":"https:\/\/basakcilastik.com.tr\/?post_type=product&#038;p=10558"},"modified":"2020-07-20T23:41:37","modified_gmt":"2020-07-20T23:41:37","slug":"kaynak-ve-kesme-hamlac-takimi-8li-metal-cantali-8800","status":"publish","type":"product","link":"http:\/\/basakcilastik.com.tr\/?product=kaynak-ve-kesme-hamlac-takimi-8li-metal-cantali-8800","title":{"rendered":"Kaynak ve Kesme Hamla\u00e7 Tak\u0131m\u0131 8&#8217;li Metal \u00c7antal\u0131 8800"},"content":{"rendered":"<p>Kaynak ve Kesme Hamla\u00e7 Tak\u0131m\u0131 8&#8217;li Metal \u00c7antal\u0131<\/p>\n<table width=\"310\">\n<tbody>\n<tr>\n<td width=\"50%\"><strong>Kaynak Kapasitesi<\/strong><\/td>\n<td>:0,5-30mm<\/td>\n<\/tr>\n<tr>\n<td width=\"50%\"><strong>Kesme Kapasitesi<\/strong><\/td>\n<td>:3-100mm<\/td>\n<\/tr>\n<tr>\n<td width=\"50%\"><strong>Tutamak<\/strong><\/td>\n<td>:1 ad<\/td>\n<\/tr>\n<tr>\n<td width=\"50%\"><strong>Kesme Hamlac\u0131<\/strong><\/td>\n<td>:1 ad<\/td>\n<\/tr>\n<tr>\n<td width=\"50%\"><strong>Kesme L\u00fcleleri<\/strong><\/td>\n<td>:1 tk<\/td>\n<\/tr>\n<tr>\n<td width=\"50%\"><strong>Kaynak Kollar\u0131<\/strong><\/td>\n<td>:8 ad<\/td>\n<\/tr>\n<tr>\n<td width=\"50%\"><strong>Araba, Pergel, Nokta<\/strong><\/td>\n<td>:1 ad<\/td>\n<\/tr>\n<tr>\n<td width=\"50%\"><strong>L\u00fcle Temizleme Tak\u0131m\u0131<\/strong><\/td>\n<td>:1 ad<\/td>\n<\/tr>\n<tr>\n<td width=\"50%\"><strong>\u00dcniversal Anahtar<\/strong><\/td>\n<td>:1 ad<\/td>\n<\/tr>\n<tr>\n<td width=\"50%\"><strong>O-Ring ( Lastik Conta )<\/strong><\/td>\n<td>:9 ad<\/td>\n<\/tr>\n<tr>\n<td width=\"50%\"><strong>Kaynak G\u00f6zl\u00fc\u011f\u00fc<\/strong><\/td>\n<td>:1 ad<\/td>\n<\/tr>\n<tr>\n<td width=\"50%\"><strong>\u00c7akmak<\/strong><\/td>\n<td>:1 ad<\/td>\n<\/tr>\n<\/tbody>\n<\/table>\n","protected":false},"excerpt":{"rendered":"<p>Kaynak ve Kesme Hamla\u00e7 Tak\u0131m\u0131 8&#8217;li Metal \u00c7antal\u0131 Kaynak Kapasitesi :0,5-30mm Kesme Kapasitesi :3-100mm Tutamak :1 ad Kesme Hamlac\u0131 :1 ad Kesme L\u00fcleleri :1 tk Kaynak Kollar\u0131 :8 ad Araba, Pergel, Nokta :1 ad L\u00fcle Temizleme Tak\u0131m\u0131 :1 ad \u00dcniversal Anahtar :1 ad O-Ring ( Lastik Conta ) :9 ad Kaynak G\u00f6zl\u00fc\u011f\u00fc :1 ad \u00c7akmak :1 ad<\/p>\n","protected":false},"featured_media":10559,"comment_status":"open","ping_status":"closed","template":"","meta":[],"product_brand":[],"product_cat":[15,132,131],"product_tag":[],"class_list":{"0":"post-10558","1":"product","2":"type-product","3":"status-publish","4":"has-post-thumbnail","6":"product_cat-genel","7":"product_cat-gaz-armaturleri","8":"product_cat-gaz-armaturleri-basinc-dusuruculer","10":"first","11":"instock","12":"shipping-taxable","13":"product-type-simple"},"_links":{"self":[{"href":"http:\/\/basakcilastik.com.tr\/index.php?rest_route=\/wp\/v2\/product\/10558","targetHints":{"allow":["GET"]}}],"collection":[{"href":"http:\/\/basakcilastik.com.tr\/index.php?rest_route=\/wp\/v2\/product"}],"about":[{"href":"http:\/\/basakcilastik.com.tr\/index.php?rest_route=\/wp\/v2\/types\/product"}],"replies":[{"embeddable":true,"href":"http:\/\/basakcilastik.com.tr\/index.php?rest_route=%2Fwp%2Fv2%2Fcomments&post=10558"}],"wp:featuredmedia":[{"embeddable":true,"href":"http:\/\/basakcilastik.com.tr\/index.php?rest_route=\/wp\/v2\/media\/10559"}],"wp:attachment":[{"href":"http:\/\/basakcilastik.com.tr\/index.php?rest_route=%2Fwp%2Fv2%2Fmedia&parent=10558"}],"wp:term":[{"taxonomy":"product_brand","embeddable":true,"href":"http:\/\/basakcilastik.com.tr\/index.php?rest_route=%2Fwp%2Fv2%2Fproduct_brand&post=10558"},{"taxonomy":"product_cat","embeddable":true,"href":"http:\/\/basakcilastik.com.tr\/index.php?rest_route=%2Fwp%2Fv2%2Fproduct_cat&post=10558"},{"taxonomy":"product_tag","embeddable":true,"href":"http:\/\/basakcilastik.com.tr\/index.php?rest_route=%2Fwp%2Fv2%2Fproduct_tag&post=10558"}],"curies":[{"name":"wp","href":"https:\/\/api.w.org\/{rel}","templated":true}]}}