{"id":10539,"date":"2020-07-20T23:34:15","date_gmt":"2020-07-20T23:34:15","guid":{"rendered":"https:\/\/basakcilastik.com.tr\/?post_type=product&#038;p=10539"},"modified":"2020-07-20T23:34:16","modified_gmt":"2020-07-20T23:34:16","slug":"taurus-551-synergic-s-mm-fdw-090-005348-00502","status":"publish","type":"product","link":"http:\/\/basakcilastik.com.tr\/?product=taurus-551-synergic-s-mm-fdw-090-005348-00502","title":{"rendered":"Taurus 551 Synergic S MM FDW 090-005348-00502"},"content":{"rendered":"<p>Taurus 551 Synergic S MM FDW<\/p>\n<table width=\"310\">\n<tbody>\n<tr>\n<td width=\"50%\"><strong>\u015eebeke gerilimi (toleranslar)<\/strong><\/td>\n<td>:3 x 400 V (-25 % &#8211; +20 %)<\/td>\n<\/tr>\n<tr>\n<td width=\"50%\"><strong>\u015eebeke sigortas\u0131 (gecikmeli)<\/strong><\/td>\n<td>:3 x 32 A<\/td>\n<\/tr>\n<tr>\n<td width=\"50%\"><strong>Bo\u015fta \u00e7al\u0131\u015fma gerilimi<\/strong><\/td>\n<td>:80 V<\/td>\n<\/tr>\n<tr>\n<td width=\"50%\"><strong>Kaynak ak\u0131m\u0131n\u0131 ayarlama aral\u0131\u011f\u0131<\/strong><\/td>\n<td>:5 A &#8211; 550 A<\/td>\n<\/tr>\n<tr>\n<td width=\"50%\"><strong>\u00c7al\u0131\u015fma s\u00fcresi 40 \u00b0C<\/strong><\/td>\n<td>:550 A \/ 80 %<\/td>\n<\/tr>\n<tr>\n<td width=\"50%\"><strong>\u00c7al\u0131\u015fma s\u00fcresi 40 \u00b0C<\/strong><\/td>\n<td>:420 A \/ 100 %<\/td>\n<\/tr>\n<tr>\n<td width=\"50%\"><strong>cos \u03c6<\/strong><\/td>\n<td>:0.99<\/td>\n<\/tr>\n<tr>\n<td width=\"50%\"><strong>Verim<\/strong><\/td>\n<td>:90 %<\/td>\n<\/tr>\n<tr>\n<td width=\"50%\"><strong>Boyutlar (mm)<\/strong><\/td>\n<td>:1100 x 455 x 1000<\/td>\n<\/tr>\n<tr>\n<td width=\"50%\"><strong>Tel besleme boyutlar\u0131 (mm)<\/strong><\/td>\n<td>:660 x 280 x 380<\/td>\n<\/tr>\n<tr>\n<td width=\"50%\"><strong>Tel besleme \u00fcnitesi a\u011f\u0131rl\u0131\u011f\u0131<\/strong><\/td>\n<td>:13 kg<\/td>\n<\/tr>\n<tr>\n<td width=\"50%\"><strong>Ta\u015f\u0131ma arabas\u0131 boyutlar\u0131 (mm)<\/strong><\/td>\n<td>:1015 x 505 x 1105<\/td>\n<\/tr>\n<tr>\n<td width=\"50%\"><strong>A\u011f\u0131rl\u0131k<\/strong><\/td>\n<td>:129 kg<\/td>\n<\/tr>\n<\/tbody>\n<\/table>\n<p>Teknik \u00d6zellik<\/p>\n<ul>\n<li>Su so\u011futmal\u0131 kaynak makinas\u0131, ayr\u0131 tel besleme \u00fcnitesi ile, iste\u011fe ba\u011fl\u0131 drive 4X EX, drive 4X HP<\/li>\n<li>M\u00fckemmel Multimatrix kaynak \u00f6zellikleri<\/li>\n<li>Ayarlanabilir start ve biti\u015f krateri fonksiyonlar\u0131<\/li>\n<li>Program i\u015flemi, JOB ba\u015f\u0131na 16 program<\/li>\n<li>Synergic veya manuel kaynak i\u015fletimi<\/li>\n<li>Ek fiyat olmadan forceArc, rootArc ve superPuls i\u00e7in EWM Synergic \u00f6zellikleri ile donat\u0131lm\u0131\u015ft\u0131r<\/li>\n<li>Ek fiyat olmadan \u00c7elik \/ CrNi \/ Al\u00fcminyum MSG kayna\u011f\u0131 i\u00e7in Synergic \u00f6zellikleri ile donat\u0131lm\u0131\u015ft\u0131r<\/li>\n<li>Ek fiyat olmadan, \u00f6rt\u00fcl\u00fc elektrod kayna\u011f\u0131, TIG kayna\u011f\u0131 ve oluk a\u00e7ma i\u00e7in uygun<\/li>\n<li>Y\u00fcksek devrede kalma oran\u0131 sayesinde b\u00fcy\u00fck g\u00fc\u00e7 rezervleri ve bu \u015fekilde t\u00fcm par\u00e7alar\u0131n daha az \u0131s\u0131t\u0131lmas\u0131 uygulamada makinelerin daha uzun bir kullan\u0131m \u00f6mr\u00fcn\u00fc garanti etmektedir<\/li>\n<li>S355\u2019e kadar ala\u015f\u0131ms\u0131z \u00e7eliklerin kayna\u011f\u0131 ve EN 1090 uyar\u0131nca EXC2\u2019ye kadar sertifikasyon i\u00e7in \u00fccretsiz WPQR paketi<\/li>\n<li>Kademesiz ayarlanabilir ark dinami\u011fi (\u015fok etkisi)<\/li>\n<li>Y\u00fcksek hassas, g\u00fc\u00e7l\u00fc 4 makaral\u0131 tel s\u00fcrme \u00fcnitesi EWM eFeed, t\u00fcm kat\u0131 kaynak tellerinin ve \u00f6zl\u00fc tellerin g\u00fcvenli s\u00fcr\u00fcm\u00fc<\/li>\n<li>Standart 1,2 mm \u00e7elik tel makas\u0131 mevcuttur<\/li>\n<li>\u00c7ok iyi tor\u00e7 so\u011futmas\u0131 ve bu sayede tor\u00e7 sarf malzemelerinde y\u00fcksek performansl\u0131 santrif\u00fcj pompa ve 12 litre su tank\u0131 ile masraf tasarrufu<\/li>\n<li>Y\u00fcksek verim ve Standby fonksiyonu sayesinde elektrik tasarrufu<\/li>\n<li>Kaynak polaritesinin kolay, aletsiz de\u011fi\u015fimi<\/li>\n<li>Y\u00fcksek \u015febeke gerilim toleranslar\u0131 ve bu \u015fekilde s\u0131n\u0131rs\u0131z jenerat\u00f6r uyumlu<\/li>\n<li>Uzun hortum paketleriyle kullan\u0131m i\u00e7in son derece uygun<\/li>\n<li>Uzaktan kumanda ve fonksiyonlu tor\u00e7 i\u00e7in ba\u011flant\u0131 kapasitesi<\/li>\n<li>Multimatrix teknolojisi sayesinde opsiyonel olarak LAN veya WiFi ile ba\u011flanabilir, Xnet uyumu<\/li>\n<\/ul>\n","protected":false},"excerpt":{"rendered":"<p>Taurus 551 Synergic S MM FDW \u015eebeke gerilimi (toleranslar) :3 x 400 V (-25 % &#8211; +20 %) \u015eebeke sigortas\u0131 (gecikmeli) :3 x 32 A Bo\u015fta \u00e7al\u0131\u015fma gerilimi :80 V Kaynak ak\u0131m\u0131n\u0131 ayarlama aral\u0131\u011f\u0131 :5 A &#8211; 550 A \u00c7al\u0131\u015fma s\u00fcresi 40 \u00b0C :550 A \/ 80 % \u00c7al\u0131\u015fma s\u00fcresi 40 \u00b0C :420 A \/ 100 % cos \u03c6 :0.99 [&hellip;]<\/p>\n","protected":false},"featured_media":10542,"comment_status":"open","ping_status":"closed","template":"","meta":[],"product_brand":[],"product_cat":[15,131,134],"product_tag":[],"class_list":{"0":"post-10539","1":"product","2":"type-product","3":"status-publish","4":"has-post-thumbnail","6":"product_cat-genel","7":"product_cat-gaz-armaturleri-basinc-dusuruculer","8":"product_cat-kaynak-makineleri","10":"first","11":"instock","12":"shipping-taxable","13":"product-type-simple"},"_links":{"self":[{"href":"http:\/\/basakcilastik.com.tr\/index.php?rest_route=\/wp\/v2\/product\/10539","targetHints":{"allow":["GET"]}}],"collection":[{"href":"http:\/\/basakcilastik.com.tr\/index.php?rest_route=\/wp\/v2\/product"}],"about":[{"href":"http:\/\/basakcilastik.com.tr\/index.php?rest_route=\/wp\/v2\/types\/product"}],"replies":[{"embeddable":true,"href":"http:\/\/basakcilastik.com.tr\/index.php?rest_route=%2Fwp%2Fv2%2Fcomments&post=10539"}],"wp:featuredmedia":[{"embeddable":true,"href":"http:\/\/basakcilastik.com.tr\/index.php?rest_route=\/wp\/v2\/media\/10542"}],"wp:attachment":[{"href":"http:\/\/basakcilastik.com.tr\/index.php?rest_route=%2Fwp%2Fv2%2Fmedia&parent=10539"}],"wp:term":[{"taxonomy":"product_brand","embeddable":true,"href":"http:\/\/basakcilastik.com.tr\/index.php?rest_route=%2Fwp%2Fv2%2Fproduct_brand&post=10539"},{"taxonomy":"product_cat","embeddable":true,"href":"http:\/\/basakcilastik.com.tr\/index.php?rest_route=%2Fwp%2Fv2%2Fproduct_cat&post=10539"},{"taxonomy":"product_tag","embeddable":true,"href":"http:\/\/basakcilastik.com.tr\/index.php?rest_route=%2Fwp%2Fv2%2Fproduct_tag&post=10539"}],"curies":[{"name":"wp","href":"https:\/\/api.w.org\/{rel}","templated":true}]}}