{"id":10512,"date":"2020-07-20T23:26:37","date_gmt":"2020-07-20T23:26:37","guid":{"rendered":"https:\/\/basakcilastik.com.tr\/?post_type=product&#038;p=10512"},"modified":"2020-07-20T23:26:38","modified_gmt":"2020-07-20T23:26:38","slug":"kaynak-kolu-lulesi-no4-kaynak-kapasitesi-4-6-mm-2014","status":"publish","type":"product","link":"http:\/\/basakcilastik.com.tr\/?product=kaynak-kolu-lulesi-no4-kaynak-kapasitesi-4-6-mm-2014","title":{"rendered":"Kaynak Kolu L\u00fclesi No4 Kaynak Kapasitesi 4-6 mm 2014"},"content":{"rendered":"<p>Kaynak Kolu L\u00fclesi No:4 Kaynak Kapasitesi 4-6 mm<\/p>\n<p>&nbsp;<\/p>\n<table width=\"310\">\n<tbody>\n<tr>\n<td width=\"50%\"><strong>Is\u0131l De\u011feri<\/strong><\/td>\n<td>:21718 (kj\/h)<\/td>\n<\/tr>\n<tr>\n<td width=\"50%\"><strong>Asetilen Sarfiyat\u0131<\/strong><\/td>\n<td>:230 (L\/h)<\/td>\n<\/tr>\n<tr>\n<td width=\"50%\"><strong>Asetilen Bas\u0131nc\u0131<\/strong><\/td>\n<td>:0,25-0,35 bar<\/td>\n<\/tr>\n<tr>\n<td width=\"50%\"><strong>Oksijen Sarfiyat\u0131<\/strong><\/td>\n<td>:160 (L\/h)<\/td>\n<\/tr>\n<tr>\n<td width=\"50%\"><strong>Oksijen Bas\u0131nc\u0131<\/strong><\/td>\n<td>:2,5 bar<\/td>\n<\/tr>\n<tr>\n<td width=\"50%\"><strong>Kaynak Kapasitesi<\/strong><\/td>\n<td>:4-6 mm<\/td>\n<\/tr>\n<\/tbody>\n<\/table>\n","protected":false},"excerpt":{"rendered":"<p>Kaynak Kolu L\u00fclesi No:4 Kaynak Kapasitesi 4-6 mm &nbsp; Is\u0131l De\u011feri :21718 (kj\/h) Asetilen Sarfiyat\u0131 :230 (L\/h) Asetilen Bas\u0131nc\u0131 :0,25-0,35 bar Oksijen Sarfiyat\u0131 :160 (L\/h) Oksijen Bas\u0131nc\u0131 :2,5 bar Kaynak Kapasitesi :4-6 mm<\/p>\n","protected":false},"featured_media":10515,"comment_status":"open","ping_status":"closed","template":"","meta":[],"product_brand":[],"product_cat":[15,132,131],"product_tag":[],"class_list":{"0":"post-10512","1":"product","2":"type-product","3":"status-publish","4":"has-post-thumbnail","6":"product_cat-genel","7":"product_cat-gaz-armaturleri","8":"product_cat-gaz-armaturleri-basinc-dusuruculer","10":"first","11":"instock","12":"shipping-taxable","13":"product-type-simple"},"_links":{"self":[{"href":"http:\/\/basakcilastik.com.tr\/index.php?rest_route=\/wp\/v2\/product\/10512","targetHints":{"allow":["GET"]}}],"collection":[{"href":"http:\/\/basakcilastik.com.tr\/index.php?rest_route=\/wp\/v2\/product"}],"about":[{"href":"http:\/\/basakcilastik.com.tr\/index.php?rest_route=\/wp\/v2\/types\/product"}],"replies":[{"embeddable":true,"href":"http:\/\/basakcilastik.com.tr\/index.php?rest_route=%2Fwp%2Fv2%2Fcomments&post=10512"}],"wp:featuredmedia":[{"embeddable":true,"href":"http:\/\/basakcilastik.com.tr\/index.php?rest_route=\/wp\/v2\/media\/10515"}],"wp:attachment":[{"href":"http:\/\/basakcilastik.com.tr\/index.php?rest_route=%2Fwp%2Fv2%2Fmedia&parent=10512"}],"wp:term":[{"taxonomy":"product_brand","embeddable":true,"href":"http:\/\/basakcilastik.com.tr\/index.php?rest_route=%2Fwp%2Fv2%2Fproduct_brand&post=10512"},{"taxonomy":"product_cat","embeddable":true,"href":"http:\/\/basakcilastik.com.tr\/index.php?rest_route=%2Fwp%2Fv2%2Fproduct_cat&post=10512"},{"taxonomy":"product_tag","embeddable":true,"href":"http:\/\/basakcilastik.com.tr\/index.php?rest_route=%2Fwp%2Fv2%2Fproduct_tag&post=10512"}],"curies":[{"name":"wp","href":"https:\/\/api.w.org\/{rel}","templated":true}]}}