{"id":10359,"date":"2020-07-20T22:40:30","date_gmt":"2020-07-20T22:40:30","guid":{"rendered":"https:\/\/basakcilastik.com.tr\/?post_type=product&#038;p=10359"},"modified":"2020-07-20T22:40:31","modified_gmt":"2020-07-20T22:40:31","slug":"hafif-tip-kaynak-lulesi-no4-propan-oksijen-26204","status":"publish","type":"product","link":"http:\/\/basakcilastik.com.tr\/?product=hafif-tip-kaynak-lulesi-no4-propan-oksijen-26204","title":{"rendered":"Hafif Tip Kaynak L\u00fclesi No4 Propan &#8211; Oksijen 26204"},"content":{"rendered":"<p>Hafif Tip Kaynak L\u00fclesi No:4 Propan &#8211; Oksijen<\/p>\n<table width=\"310\">\n<tbody>\n<tr>\n<td width=\"50%\"><strong>Oksijen Bas\u0131nc\u0131<\/strong><\/td>\n<td>:1,5 bar<\/td>\n<\/tr>\n<tr>\n<td width=\"50%\"><strong>Asetilen \/ Propan Bas\u0131nc\u0131<\/strong><\/td>\n<td>:0,15 bar \/ 0,3 bar<\/td>\n<\/tr>\n<tr>\n<td width=\"50%\"><strong>Oksijen Sarfiyat\u0131<\/strong><\/td>\n<td>:510 l\/h<\/td>\n<\/tr>\n<tr>\n<td width=\"50%\"><strong>Asetilen Sarfiyat\u0131<\/strong><\/td>\n<td>:120 l\/h<\/td>\n<\/tr>\n<\/tbody>\n<\/table>\n","protected":false},"excerpt":{"rendered":"<p>Hafif Tip Kaynak L\u00fclesi No:4 Propan &#8211; Oksijen Oksijen Bas\u0131nc\u0131 :1,5 bar Asetilen \/ Propan Bas\u0131nc\u0131 :0,15 bar \/ 0,3 bar Oksijen Sarfiyat\u0131 :510 l\/h Asetilen Sarfiyat\u0131 :120 l\/h<\/p>\n","protected":false},"featured_media":10361,"comment_status":"open","ping_status":"closed","template":"","meta":[],"product_brand":[],"product_cat":[15,132,131],"product_tag":[],"class_list":{"0":"post-10359","1":"product","2":"type-product","3":"status-publish","4":"has-post-thumbnail","6":"product_cat-genel","7":"product_cat-gaz-armaturleri","8":"product_cat-gaz-armaturleri-basinc-dusuruculer","10":"first","11":"instock","12":"shipping-taxable","13":"product-type-simple"},"_links":{"self":[{"href":"http:\/\/basakcilastik.com.tr\/index.php?rest_route=\/wp\/v2\/product\/10359","targetHints":{"allow":["GET"]}}],"collection":[{"href":"http:\/\/basakcilastik.com.tr\/index.php?rest_route=\/wp\/v2\/product"}],"about":[{"href":"http:\/\/basakcilastik.com.tr\/index.php?rest_route=\/wp\/v2\/types\/product"}],"replies":[{"embeddable":true,"href":"http:\/\/basakcilastik.com.tr\/index.php?rest_route=%2Fwp%2Fv2%2Fcomments&post=10359"}],"wp:featuredmedia":[{"embeddable":true,"href":"http:\/\/basakcilastik.com.tr\/index.php?rest_route=\/wp\/v2\/media\/10361"}],"wp:attachment":[{"href":"http:\/\/basakcilastik.com.tr\/index.php?rest_route=%2Fwp%2Fv2%2Fmedia&parent=10359"}],"wp:term":[{"taxonomy":"product_brand","embeddable":true,"href":"http:\/\/basakcilastik.com.tr\/index.php?rest_route=%2Fwp%2Fv2%2Fproduct_brand&post=10359"},{"taxonomy":"product_cat","embeddable":true,"href":"http:\/\/basakcilastik.com.tr\/index.php?rest_route=%2Fwp%2Fv2%2Fproduct_cat&post=10359"},{"taxonomy":"product_tag","embeddable":true,"href":"http:\/\/basakcilastik.com.tr\/index.php?rest_route=%2Fwp%2Fv2%2Fproduct_tag&post=10359"}],"curies":[{"name":"wp","href":"https:\/\/api.w.org\/{rel}","templated":true}]}}