{"id":10341,"date":"2020-07-20T22:34:59","date_gmt":"2020-07-20T22:34:59","guid":{"rendered":"https:\/\/basakcilastik.com.tr\/?post_type=product&#038;p=10341"},"modified":"2020-07-20T22:34:59","modified_gmt":"2020-07-20T22:34:59","slug":"picomig-305-puls-tkm-090-005267-00502","status":"publish","type":"product","link":"http:\/\/basakcilastik.com.tr\/?product=picomig-305-puls-tkm-090-005267-00502","title":{"rendered":"Picomig 305 puls TKM 090-005267-00502"},"content":{"rendered":"<p>Picomig 305 puls TKM<\/p>\n<table width=\"310\">\n<tbody>\n<tr>\n<td width=\"50%\"><strong>\u015eebeke Gerilimi (toleranslar)<\/strong><\/td>\n<td>:3 x 400 V (-25 % &#8211; +20 %)<\/td>\n<\/tr>\n<tr>\n<td width=\"50%\"><strong>\u015eebeke Sigortas\u0131 (gecikmeli)<\/strong><\/td>\n<td>:3 x 16 A<\/td>\n<\/tr>\n<tr>\n<td width=\"50%\"><strong>Bo\u015fta \u00c7al\u0131\u015fma Gerilimi<\/strong><\/td>\n<td>:93 V<\/td>\n<\/tr>\n<tr>\n<td width=\"50%\"><strong>Kaynak Ak\u0131m\u0131n\u0131 Ayarlama Aral\u0131\u011f\u0131<\/strong><\/td>\n<td>:5 A &#8211; 300 A<\/td>\n<\/tr>\n<tr>\n<td width=\"50%\"><strong>\u00c7al\u0131\u015fma S\u00dcresi 40 \u00b0C<\/strong><\/td>\n<td>:260 A \/ 60 %<\/td>\n<\/tr>\n<tr>\n<td width=\"50%\"><strong>\u00c7al\u0131\u015fma S\u00dcresi 40 \u00b0C<\/strong><\/td>\n<td>:200 A \/ 100 %<\/td>\n<\/tr>\n<tr>\n<td width=\"50%\"><strong>Cos \u03c6<\/strong><\/td>\n<td>:0.99<\/td>\n<\/tr>\n<tr>\n<td width=\"50%\"><strong>Verim<\/strong><\/td>\n<td>:88 %<\/td>\n<\/tr>\n<tr>\n<td width=\"50%\"><strong>Boyutlar (mm)<\/strong><\/td>\n<td>:625 x 300 x 480<\/td>\n<\/tr>\n<tr>\n<td width=\"50%\"><strong>A\u011f\u0131rl\u0131k (kg)<\/strong><\/td>\n<td>:29<\/td>\n<\/tr>\n<\/tbody>\n<\/table>\n<p>Teknik \u00d6zellik<\/p>\n<ul>\n<li>\u00c7ok prosesli invert\u00f6r kaynak makinesi, puls, basit Synergic tek tu\u015flu kullan\u0131m ve entegre tel besleme \u00fcnitesi ile<\/li>\n<li>Synergic veya manuel kaynak i\u015fletimi<\/li>\n<li>\u00c7elik, CrNi ve al\u00fcminyum i\u00e7in Synergic \u00f6zellikleri<\/li>\n<li>S355&#8217;E kadar ala\u015f\u0131ms\u0131z \u00e7eliklerin kayna\u011f\u0131 ve EN 1090 uyar\u0131nca EXC2&#8217;ye kadar sertifikasyon i\u00e7in \u00fccretsiz WPQR paketi<\/li>\n<li>Kendinden korumal\u0131 \u00f6zl\u00fc tellerin kayna\u011f\u0131 i\u00e7in ideal<\/li>\n<li>Kademesiz ayarlanabilir ark dinami\u011fi (\u015fok etkisi)<\/li>\n<li>\u00d6rt\u00fcl\u00fc elektrot kayna\u011f\u0131<\/li>\n<li>2 d\u00f6ng\u00fc \/ 4 d\u00f6ng\u00fc i\u015fletimi<\/li>\n<li>Aral\u0131k kayna\u011f\u0131<\/li>\n<li>Ayarlanabilir ba\u015flanng\u0131\u00e7\u00a0 gaz ak\u0131\u015f\u0131 \/ biti\u015f gaz ak\u0131\u015f\u0131<\/li>\n<li>Y\u00fcksek verim sayesinde elektrik tasarrufu<\/li>\n<li>TIG Liftarc kayna\u011f\u0131<\/li>\n<li>Sa\u011flam, \u015eantiyeye uygun g\u00f6vde<\/li>\n<li>Y\u00fcksek hassas, g\u00fc\u00e7l\u00fc 4 makaral\u0131 tel s\u00fcrme \u00fcnitesi EWM eFeed, t\u00fcm kat\u0131 kaynak tellerinin ve \u00f6zl\u00fc tellerin g\u00fcvenli s\u00fcr\u00fcm<\/li>\n<li>Standart 1 mm \u00e7elik tel makas\u0131 mevcuttur<\/li>\n<li>Tel bobini \u00e7ap\u0131 maks. 300 mm \/ D300, 200mm \/ D200 adapt\u00f6r \u00fczerinden m\u00fcmk\u00fcn<\/li>\n<li>Gaz so\u011futmal\u0131<\/li>\n<li>Kaynak polaritesinin kolay, aletsiz de\u011fi\u015fimi<\/li>\n<li>Topraklama hatas\u0131 denetimi (PE korumas\u0131)<\/li>\n<li>S\u0131\u00e7rama suyu korumal\u0131 IP23<\/li>\n<li>Uzaktan kumanda, fonksiyonlu tor\u00e7 i\u00e7in ba\u011flant\u0131 kapasitesi<\/li>\n<li>Ta\u015f\u0131nabilir, kompakt<\/li>\n<li>\u015eebeke ba\u011flant\u0131s\u0131 3x400V \/ 16 A<\/li>\n<li>5 m&#8217;lik \u015febeke besleme hatt\u0131<\/li>\n<\/ul>\n","protected":false},"excerpt":{"rendered":"<p>Picomig 305 puls TKM \u015eebeke Gerilimi (toleranslar) :3 x 400 V (-25 % &#8211; +20 %) \u015eebeke Sigortas\u0131 (gecikmeli) :3 x 16 A Bo\u015fta \u00c7al\u0131\u015fma Gerilimi :93 V Kaynak Ak\u0131m\u0131n\u0131 Ayarlama Aral\u0131\u011f\u0131 :5 A &#8211; 300 A \u00c7al\u0131\u015fma S\u00dcresi 40 \u00b0C :260 A \/ 60 % \u00c7al\u0131\u015fma S\u00dcresi 40 \u00b0C :200 A \/ 100 % Cos \u03c6 :0.99 Verim :88 [&hellip;]<\/p>\n","protected":false},"featured_media":10344,"comment_status":"open","ping_status":"closed","template":"","meta":[],"product_brand":[],"product_cat":[15,131,134],"product_tag":[],"class_list":{"0":"post-10341","1":"product","2":"type-product","3":"status-publish","4":"has-post-thumbnail","6":"product_cat-genel","7":"product_cat-gaz-armaturleri-basinc-dusuruculer","8":"product_cat-kaynak-makineleri","10":"first","11":"instock","12":"shipping-taxable","13":"product-type-simple"},"_links":{"self":[{"href":"http:\/\/basakcilastik.com.tr\/index.php?rest_route=\/wp\/v2\/product\/10341","targetHints":{"allow":["GET"]}}],"collection":[{"href":"http:\/\/basakcilastik.com.tr\/index.php?rest_route=\/wp\/v2\/product"}],"about":[{"href":"http:\/\/basakcilastik.com.tr\/index.php?rest_route=\/wp\/v2\/types\/product"}],"replies":[{"embeddable":true,"href":"http:\/\/basakcilastik.com.tr\/index.php?rest_route=%2Fwp%2Fv2%2Fcomments&post=10341"}],"wp:featuredmedia":[{"embeddable":true,"href":"http:\/\/basakcilastik.com.tr\/index.php?rest_route=\/wp\/v2\/media\/10344"}],"wp:attachment":[{"href":"http:\/\/basakcilastik.com.tr\/index.php?rest_route=%2Fwp%2Fv2%2Fmedia&parent=10341"}],"wp:term":[{"taxonomy":"product_brand","embeddable":true,"href":"http:\/\/basakcilastik.com.tr\/index.php?rest_route=%2Fwp%2Fv2%2Fproduct_brand&post=10341"},{"taxonomy":"product_cat","embeddable":true,"href":"http:\/\/basakcilastik.com.tr\/index.php?rest_route=%2Fwp%2Fv2%2Fproduct_cat&post=10341"},{"taxonomy":"product_tag","embeddable":true,"href":"http:\/\/basakcilastik.com.tr\/index.php?rest_route=%2Fwp%2Fv2%2Fproduct_tag&post=10341"}],"curies":[{"name":"wp","href":"https:\/\/api.w.org\/{rel}","templated":true}]}}