{"id":10303,"date":"2020-07-20T22:24:08","date_gmt":"2020-07-20T22:24:08","guid":{"rendered":"https:\/\/basakcilastik.com.tr\/?post_type=product&#038;p=10303"},"modified":"2020-07-20T22:24:08","modified_gmt":"2020-07-20T22:24:08","slug":"dik-kesme-hamlaci-asetilen-oksijen-4401a","status":"publish","type":"product","link":"http:\/\/basakcilastik.com.tr\/?product=dik-kesme-hamlaci-asetilen-oksijen-4401a","title":{"rendered":"Dik Kesme Hamlac\u0131 Asetilen &#8211; Oksijen 4401A"},"content":{"rendered":"<p>Dik Kesme Hamlac\u0131 Asetilen &#8211; Oksijen<\/p>\n<p>Sepete Ekle<\/p>\n<table width=\"310\">\n<tbody>\n<tr>\n<td width=\"50%\"><strong>Kafa A\u00e7\u0131s\u0131<\/strong><\/td>\n<td>:180 Derece<\/td>\n<\/tr>\n<tr>\n<td width=\"50%\"><strong>Gaz Cinsi<\/strong><\/td>\n<td>:Asetilen<\/td>\n<\/tr>\n<tr>\n<td width=\"50%\"><strong>Kesme Kapasitesi<\/strong><\/td>\n<td>:3-100 mm<\/td>\n<\/tr>\n<\/tbody>\n<\/table>\n<p>&nbsp;<\/p>\n<p>Teknik \u00d6zellikler<\/p>\n<ul>\n<li>Oksijen-Yan\u0131c\u0131 gaz kesme uygulamalar\u0131.<\/li>\n<li>EN ISO 5172 standard\u0131na uygunluk<\/li>\n<li>Enjekt\u00f6rl\u00fc tip kesme ekipman\u0131<\/li>\n<li>Gaz Cinsine \u00f6zel tasar\u0131m (Propan \/ Do\u011fal Gaz \/ Asetilen)<\/li>\n<li>Sa\u011flaml\u0131k , s\u0131zd\u0131rmazl\u0131k ve kullan\u0131m kolayl\u0131\u011f\u0131 dikkate al\u0131nm\u0131\u015f hafif tasar\u0131m<\/li>\n<li>Tutama\u011fa Kolay ba\u011flant\u0131.<\/li>\n<li>S\u0131zd\u0131rmazl\u0131\u011f\u0131 sa\u011flayan O-ring sistemi<\/li>\n<li>Geli\u015ftirilmi\u015f tetik sistemi<\/li>\n<li>0 -100 mm Kesme kapasitesi<\/li>\n<\/ul>\n","protected":false},"excerpt":{"rendered":"<p>Dik Kesme Hamlac\u0131 Asetilen &#8211; Oksijen Sepete Ekle Kafa A\u00e7\u0131s\u0131 :180 Derece Gaz Cinsi :Asetilen Kesme Kapasitesi :3-100 mm &nbsp; Teknik \u00d6zellikler Oksijen-Yan\u0131c\u0131 gaz kesme uygulamalar\u0131. EN ISO 5172 standard\u0131na uygunluk Enjekt\u00f6rl\u00fc tip kesme ekipman\u0131 Gaz Cinsine \u00f6zel tasar\u0131m (Propan \/ Do\u011fal Gaz \/ Asetilen) Sa\u011flaml\u0131k , s\u0131zd\u0131rmazl\u0131k ve kullan\u0131m kolayl\u0131\u011f\u0131 dikkate al\u0131nm\u0131\u015f hafif tasar\u0131m Tutama\u011fa Kolay ba\u011flant\u0131. S\u0131zd\u0131rmazl\u0131\u011f\u0131 sa\u011flayan [&hellip;]<\/p>\n","protected":false},"featured_media":10305,"comment_status":"open","ping_status":"closed","template":"","meta":[],"product_brand":[],"product_cat":[15,132,131],"product_tag":[],"class_list":{"0":"post-10303","1":"product","2":"type-product","3":"status-publish","4":"has-post-thumbnail","6":"product_cat-genel","7":"product_cat-gaz-armaturleri","8":"product_cat-gaz-armaturleri-basinc-dusuruculer","10":"first","11":"instock","12":"shipping-taxable","13":"product-type-simple"},"_links":{"self":[{"href":"http:\/\/basakcilastik.com.tr\/index.php?rest_route=\/wp\/v2\/product\/10303","targetHints":{"allow":["GET"]}}],"collection":[{"href":"http:\/\/basakcilastik.com.tr\/index.php?rest_route=\/wp\/v2\/product"}],"about":[{"href":"http:\/\/basakcilastik.com.tr\/index.php?rest_route=\/wp\/v2\/types\/product"}],"replies":[{"embeddable":true,"href":"http:\/\/basakcilastik.com.tr\/index.php?rest_route=%2Fwp%2Fv2%2Fcomments&post=10303"}],"wp:featuredmedia":[{"embeddable":true,"href":"http:\/\/basakcilastik.com.tr\/index.php?rest_route=\/wp\/v2\/media\/10305"}],"wp:attachment":[{"href":"http:\/\/basakcilastik.com.tr\/index.php?rest_route=%2Fwp%2Fv2%2Fmedia&parent=10303"}],"wp:term":[{"taxonomy":"product_brand","embeddable":true,"href":"http:\/\/basakcilastik.com.tr\/index.php?rest_route=%2Fwp%2Fv2%2Fproduct_brand&post=10303"},{"taxonomy":"product_cat","embeddable":true,"href":"http:\/\/basakcilastik.com.tr\/index.php?rest_route=%2Fwp%2Fv2%2Fproduct_cat&post=10303"},{"taxonomy":"product_tag","embeddable":true,"href":"http:\/\/basakcilastik.com.tr\/index.php?rest_route=%2Fwp%2Fv2%2Fproduct_tag&post=10303"}],"curies":[{"name":"wp","href":"https:\/\/api.w.org\/{rel}","templated":true}]}}