{"id":10293,"date":"2020-07-20T22:21:30","date_gmt":"2020-07-20T22:21:30","guid":{"rendered":"https:\/\/basakcilastik.com.tr\/?post_type=product&#038;p=10293"},"modified":"2020-07-20T22:21:31","modified_gmt":"2020-07-20T22:21:31","slug":"cakmak-tasi-10121","status":"publish","type":"product","link":"http:\/\/basakcilastik.com.tr\/?product=cakmak-tasi-10121","title":{"rendered":"\u00c7akmak Ta\u015f\u0131 10121"},"content":{"rendered":"<p>\u00c7akmak Ta\u015f\u0131 10121<\/p>\n","protected":false},"excerpt":{"rendered":"<p>\u00c7akmak Ta\u015f\u0131 10121<\/p>\n","protected":false},"featured_media":10295,"comment_status":"open","ping_status":"closed","template":"","meta":[],"product_brand":[],"product_cat":[15,132,131],"product_tag":[],"class_list":{"0":"post-10293","1":"product","2":"type-product","3":"status-publish","4":"has-post-thumbnail","6":"product_cat-genel","7":"product_cat-gaz-armaturleri","8":"product_cat-gaz-armaturleri-basinc-dusuruculer","10":"first","11":"instock","12":"shipping-taxable","13":"product-type-simple"},"_links":{"self":[{"href":"http:\/\/basakcilastik.com.tr\/index.php?rest_route=\/wp\/v2\/product\/10293","targetHints":{"allow":["GET"]}}],"collection":[{"href":"http:\/\/basakcilastik.com.tr\/index.php?rest_route=\/wp\/v2\/product"}],"about":[{"href":"http:\/\/basakcilastik.com.tr\/index.php?rest_route=\/wp\/v2\/types\/product"}],"replies":[{"embeddable":true,"href":"http:\/\/basakcilastik.com.tr\/index.php?rest_route=%2Fwp%2Fv2%2Fcomments&post=10293"}],"wp:featuredmedia":[{"embeddable":true,"href":"http:\/\/basakcilastik.com.tr\/index.php?rest_route=\/wp\/v2\/media\/10295"}],"wp:attachment":[{"href":"http:\/\/basakcilastik.com.tr\/index.php?rest_route=%2Fwp%2Fv2%2Fmedia&parent=10293"}],"wp:term":[{"taxonomy":"product_brand","embeddable":true,"href":"http:\/\/basakcilastik.com.tr\/index.php?rest_route=%2Fwp%2Fv2%2Fproduct_brand&post=10293"},{"taxonomy":"product_cat","embeddable":true,"href":"http:\/\/basakcilastik.com.tr\/index.php?rest_route=%2Fwp%2Fv2%2Fproduct_cat&post=10293"},{"taxonomy":"product_tag","embeddable":true,"href":"http:\/\/basakcilastik.com.tr\/index.php?rest_route=%2Fwp%2Fv2%2Fproduct_tag&post=10293"}],"curies":[{"name":"wp","href":"https:\/\/api.w.org\/{rel}","templated":true}]}}