{"id":10284,"date":"2020-07-20T22:19:53","date_gmt":"2020-07-20T22:19:53","guid":{"rendered":"https:\/\/basakcilastik.com.tr\/?post_type=product&#038;p=10284"},"modified":"2020-07-20T22:19:53","modified_gmt":"2020-07-20T22:19:53","slug":"cak-yak-310mm-hortum-ipragaz-adaptoru-3633","status":"publish","type":"product","link":"http:\/\/basakcilastik.com.tr\/?product=cak-yak-310mm-hortum-ipragaz-adaptoru-3633","title":{"rendered":"\u00c7ak Yak 310mm &#8211; Hortum + \u0130pragaz Adapt\u00f6r\u00fc 3633"},"content":{"rendered":"<p>\u00c7ak Yak 310mm &#8211; Hortum + \u0130pragaz Adapt\u00f6r\u00fc<\/p>\n<table width=\"310\">\n<tbody>\n<tr>\n<td width=\"50%\"><strong>Alev Boyu<\/strong><\/td>\n<td>:400 mm<\/td>\n<\/tr>\n<tr>\n<td width=\"50%\"><strong>Gaz Sarfiyat\u0131<\/strong><\/td>\n<td>:2040 g\/h<\/td>\n<\/tr>\n<tr>\n<td width=\"50%\"><strong>Is\u0131l De\u011feri<\/strong><\/td>\n<td>:93840 kj\/h<\/td>\n<\/tr>\n<tr>\n<td width=\"50%\"><strong>Gaz Cinsi<\/strong><\/td>\n<td>:Propan-Lpg<\/td>\n<\/tr>\n<tr>\n<td width=\"50%\"><strong>Gaz Bas\u0131nc\u0131<\/strong><\/td>\n<td>:1,5 bar<\/td>\n<\/tr>\n<tr>\n<td width=\"50%\"><strong>Ba\u011flant\u0131 Adapt\u00f6r\u00fc<\/strong><\/td>\n<td>:\u0130pragaz<\/td>\n<\/tr>\n<tr>\n<td width=\"50%\"><strong>Aksesuar<\/strong><\/td>\n<td>:1,5 mt Propan Hortum + 2 ad. Kelep\u00e7e ve Adapt\u00f6r<\/td>\n<\/tr>\n<\/tbody>\n<\/table>\n<p>&nbsp;<\/p>\n<p>Teknik \u00d6zellikler<\/p>\n<ul>\n<li>Ot ve mangal yakma, ufak \u00e7apl\u0131 izolasyonlar, paketleme,<\/li>\n<li>boya ve duvar ka\u011f\u0131d\u0131 yakma gibi uygulamalarda<\/li>\n<li>Sabit ba\u011flant\u0131 borusu ve ba\u015fl\u0131\u011f\u0131<\/li>\n<li>Kolay ve pratik kullan\u0131m<\/li>\n<li>Is\u0131nmay\u0131 \u00f6nleyen \u00f6zel tasar\u0131ml\u0131 tutamak<\/li>\n<li>1,5 m hortum<\/li>\n<li>\u0130ste\u011fe g\u00f6re aygaz veya ipragaz t\u00fcp ba\u011flant\u0131lar\u0131<\/li>\n<\/ul>\n","protected":false},"excerpt":{"rendered":"<p>\u00c7ak Yak 310mm &#8211; Hortum + \u0130pragaz Adapt\u00f6r\u00fc Alev Boyu :400 mm Gaz Sarfiyat\u0131 :2040 g\/h Is\u0131l De\u011feri :93840 kj\/h Gaz Cinsi :Propan-Lpg Gaz Bas\u0131nc\u0131 :1,5 bar Ba\u011flant\u0131 Adapt\u00f6r\u00fc :\u0130pragaz Aksesuar :1,5 mt Propan Hortum + 2 ad. Kelep\u00e7e ve Adapt\u00f6r &nbsp; Teknik \u00d6zellikler Ot ve mangal yakma, ufak \u00e7apl\u0131 izolasyonlar, paketleme, boya ve duvar ka\u011f\u0131d\u0131 yakma gibi uygulamalarda Sabit [&hellip;]<\/p>\n","protected":false},"featured_media":10288,"comment_status":"open","ping_status":"closed","template":"","meta":[],"product_brand":[],"product_cat":[15,132,131],"product_tag":[],"class_list":{"0":"post-10284","1":"product","2":"type-product","3":"status-publish","4":"has-post-thumbnail","6":"product_cat-genel","7":"product_cat-gaz-armaturleri","8":"product_cat-gaz-armaturleri-basinc-dusuruculer","10":"first","11":"instock","12":"shipping-taxable","13":"product-type-simple"},"_links":{"self":[{"href":"http:\/\/basakcilastik.com.tr\/index.php?rest_route=\/wp\/v2\/product\/10284","targetHints":{"allow":["GET"]}}],"collection":[{"href":"http:\/\/basakcilastik.com.tr\/index.php?rest_route=\/wp\/v2\/product"}],"about":[{"href":"http:\/\/basakcilastik.com.tr\/index.php?rest_route=\/wp\/v2\/types\/product"}],"replies":[{"embeddable":true,"href":"http:\/\/basakcilastik.com.tr\/index.php?rest_route=%2Fwp%2Fv2%2Fcomments&post=10284"}],"wp:featuredmedia":[{"embeddable":true,"href":"http:\/\/basakcilastik.com.tr\/index.php?rest_route=\/wp\/v2\/media\/10288"}],"wp:attachment":[{"href":"http:\/\/basakcilastik.com.tr\/index.php?rest_route=%2Fwp%2Fv2%2Fmedia&parent=10284"}],"wp:term":[{"taxonomy":"product_brand","embeddable":true,"href":"http:\/\/basakcilastik.com.tr\/index.php?rest_route=%2Fwp%2Fv2%2Fproduct_brand&post=10284"},{"taxonomy":"product_cat","embeddable":true,"href":"http:\/\/basakcilastik.com.tr\/index.php?rest_route=%2Fwp%2Fv2%2Fproduct_cat&post=10284"},{"taxonomy":"product_tag","embeddable":true,"href":"http:\/\/basakcilastik.com.tr\/index.php?rest_route=%2Fwp%2Fv2%2Fproduct_tag&post=10284"}],"curies":[{"name":"wp","href":"https:\/\/api.w.org\/{rel}","templated":true}]}}