{"id":10253,"date":"2020-07-20T22:12:01","date_gmt":"2020-07-20T22:12:01","guid":{"rendered":"https:\/\/basakcilastik.com.tr\/?post_type=product&#038;p=10253"},"modified":"2020-07-20T22:12:02","modified_gmt":"2020-07-20T22:12:02","slug":"bozma-salomasi-700-mm-4571-700","status":"publish","type":"product","link":"http:\/\/basakcilastik.com.tr\/?product=bozma-salomasi-700-mm-4571-700","title":{"rendered":"Bozma \u015ealomas\u0131 (700 mm) 4571-700"},"content":{"rendered":"<p>BOZMA \u015eALOMASI<\/p>\n<table width=\"310\">\n<tbody>\n<tr>\n<td width=\"50%\"><strong>Kesme Kapasitesi<\/strong><\/td>\n<td>:2-300 mm<\/td>\n<\/tr>\n<tr>\n<td width=\"50%\"><strong>Boyu<\/strong><\/td>\n<td>:700 mm<\/td>\n<\/tr>\n<tr>\n<td width=\"50%\"><strong>Kafa A\u00e7\u0131s\u0131<\/strong><\/td>\n<td>:90\u00b0<\/td>\n<\/tr>\n<\/tbody>\n<\/table>\n<p>&nbsp;<\/p>\n<p>Teknik \u00d6zellik<\/p>\n<p>\u00d6zellikler<\/p>\n<p>UYGULAMALAR<\/p>\n<ul>\n<li>Kafa kar\u0131\u015f\u0131ml\u0131 kesme hamla\u00e7lar\u0131, kesme alevini sa\u011flayacak\u00a0olan gaz kar\u0131\u015f\u0131m\u0131n\u0131 l\u00fclenin ba\u011flant\u0131 yap\u0131ld\u0131\u011f\u0131 kafa\u00a0k\u0131sm\u0131nda\u00a0olu\u015fturmaktad\u0131r<\/li>\n<li>Kafa kar\u0131\u015f\u0131ml\u0131 kesme hamla\u00e7lar\u0131 Asetilen, Propan ve\u00a0Do\u011falgaz gibi yan\u0131c\u0131 gazlar ile kullan\u0131labilmektedir.<\/li>\n<li>Tasar\u0131m\u0131ndan dolay\u0131 farkl\u0131 gaz cinsleriyle kullan\u0131m i\u00e7in,\u00a0gaz cinsine uygun kesme hamlac\u0131 se\u00e7ilmelidir.<\/li>\n<\/ul>\n","protected":false},"excerpt":{"rendered":"<p>BOZMA \u015eALOMASI Kesme Kapasitesi :2-300 mm Boyu :700 mm Kafa A\u00e7\u0131s\u0131 :90\u00b0 &nbsp; Teknik \u00d6zellik \u00d6zellikler UYGULAMALAR Kafa kar\u0131\u015f\u0131ml\u0131 kesme hamla\u00e7lar\u0131, kesme alevini sa\u011flayacak\u00a0olan gaz kar\u0131\u015f\u0131m\u0131n\u0131 l\u00fclenin ba\u011flant\u0131 yap\u0131ld\u0131\u011f\u0131 kafa\u00a0k\u0131sm\u0131nda\u00a0olu\u015fturmaktad\u0131r Kafa kar\u0131\u015f\u0131ml\u0131 kesme hamla\u00e7lar\u0131 Asetilen, Propan ve\u00a0Do\u011falgaz gibi yan\u0131c\u0131 gazlar ile kullan\u0131labilmektedir. Tasar\u0131m\u0131ndan dolay\u0131 farkl\u0131 gaz cinsleriyle kullan\u0131m i\u00e7in,\u00a0gaz cinsine uygun kesme hamlac\u0131 se\u00e7ilmelidir.<\/p>\n","protected":false},"featured_media":10256,"comment_status":"open","ping_status":"closed","template":"","meta":[],"product_brand":[],"product_cat":[15,132,131],"product_tag":[],"class_list":{"0":"post-10253","1":"product","2":"type-product","3":"status-publish","4":"has-post-thumbnail","6":"product_cat-genel","7":"product_cat-gaz-armaturleri","8":"product_cat-gaz-armaturleri-basinc-dusuruculer","10":"first","11":"instock","12":"shipping-taxable","13":"product-type-simple"},"_links":{"self":[{"href":"http:\/\/basakcilastik.com.tr\/index.php?rest_route=\/wp\/v2\/product\/10253","targetHints":{"allow":["GET"]}}],"collection":[{"href":"http:\/\/basakcilastik.com.tr\/index.php?rest_route=\/wp\/v2\/product"}],"about":[{"href":"http:\/\/basakcilastik.com.tr\/index.php?rest_route=\/wp\/v2\/types\/product"}],"replies":[{"embeddable":true,"href":"http:\/\/basakcilastik.com.tr\/index.php?rest_route=%2Fwp%2Fv2%2Fcomments&post=10253"}],"wp:featuredmedia":[{"embeddable":true,"href":"http:\/\/basakcilastik.com.tr\/index.php?rest_route=\/wp\/v2\/media\/10256"}],"wp:attachment":[{"href":"http:\/\/basakcilastik.com.tr\/index.php?rest_route=%2Fwp%2Fv2%2Fmedia&parent=10253"}],"wp:term":[{"taxonomy":"product_brand","embeddable":true,"href":"http:\/\/basakcilastik.com.tr\/index.php?rest_route=%2Fwp%2Fv2%2Fproduct_brand&post=10253"},{"taxonomy":"product_cat","embeddable":true,"href":"http:\/\/basakcilastik.com.tr\/index.php?rest_route=%2Fwp%2Fv2%2Fproduct_cat&post=10253"},{"taxonomy":"product_tag","embeddable":true,"href":"http:\/\/basakcilastik.com.tr\/index.php?rest_route=%2Fwp%2Fv2%2Fproduct_tag&post=10253"}],"curies":[{"name":"wp","href":"https:\/\/api.w.org\/{rel}","templated":true}]}}