{"id":10249,"date":"2020-07-20T22:10:23","date_gmt":"2020-07-20T22:10:23","guid":{"rendered":"https:\/\/basakcilastik.com.tr\/?post_type=product&#038;p=10249"},"modified":"2020-07-20T22:10:24","modified_gmt":"2020-07-20T22:10:24","slug":"bozma-saloma-ic-lulesi-no4-200-300-mm-45705","status":"publish","type":"product","link":"http:\/\/basakcilastik.com.tr\/?product=bozma-saloma-ic-lulesi-no4-200-300-mm-45705","title":{"rendered":"Bozma \u015ealoma \u0130\u00e7 L\u00fclesi No4 200-300 mm 45705"},"content":{"rendered":"<p>BOZMA \u015eALOMA \u0130\u00c7 L\u00dcLES\u0130 NO:4 200-300 MM<\/p>\n<p>&nbsp;<\/p>\n<table width=\"310\">\n<tbody>\n<tr>\n<td width=\"50%\"><strong>Kullan\u0131ld\u0131\u011f\u0131 Kesiciler<\/strong><\/td>\n<td>:4571<\/td>\n<\/tr>\n<tr>\n<td width=\"50%\"><strong>Kesme Kal\u0131nl\u0131\u011f\u0131<\/strong><\/td>\n<td>:200-300 mm<\/td>\n<\/tr>\n<tr>\n<td width=\"50%\"><strong>Oksijen Bas\u0131nc\u0131<\/strong><\/td>\n<td>:7 bar<\/td>\n<\/tr>\n<tr>\n<td width=\"50%\"><strong>Propan Bas\u0131nc\u0131<\/strong><\/td>\n<td>:0,8 bar<\/td>\n<\/tr>\n<tr>\n<td width=\"50%\"><strong>Do\u011falgaz Bas\u0131nc\u0131<\/strong><\/td>\n<td>:0,3 &#8211; 1 bar<\/td>\n<\/tr>\n<\/tbody>\n<\/table>\n","protected":false},"excerpt":{"rendered":"<p>BOZMA \u015eALOMA \u0130\u00c7 L\u00dcLES\u0130 NO:4 200-300 MM &nbsp; Kullan\u0131ld\u0131\u011f\u0131 Kesiciler :4571 Kesme Kal\u0131nl\u0131\u011f\u0131 :200-300 mm Oksijen Bas\u0131nc\u0131 :7 bar Propan Bas\u0131nc\u0131 :0,8 bar Do\u011falgaz Bas\u0131nc\u0131 :0,3 &#8211; 1 bar<\/p>\n","protected":false},"featured_media":10251,"comment_status":"open","ping_status":"closed","template":"","meta":[],"product_brand":[],"product_cat":[15,132,131],"product_tag":[],"class_list":{"0":"post-10249","1":"product","2":"type-product","3":"status-publish","4":"has-post-thumbnail","6":"product_cat-genel","7":"product_cat-gaz-armaturleri","8":"product_cat-gaz-armaturleri-basinc-dusuruculer","10":"first","11":"instock","12":"shipping-taxable","13":"product-type-simple"},"_links":{"self":[{"href":"http:\/\/basakcilastik.com.tr\/index.php?rest_route=\/wp\/v2\/product\/10249","targetHints":{"allow":["GET"]}}],"collection":[{"href":"http:\/\/basakcilastik.com.tr\/index.php?rest_route=\/wp\/v2\/product"}],"about":[{"href":"http:\/\/basakcilastik.com.tr\/index.php?rest_route=\/wp\/v2\/types\/product"}],"replies":[{"embeddable":true,"href":"http:\/\/basakcilastik.com.tr\/index.php?rest_route=%2Fwp%2Fv2%2Fcomments&post=10249"}],"wp:featuredmedia":[{"embeddable":true,"href":"http:\/\/basakcilastik.com.tr\/index.php?rest_route=\/wp\/v2\/media\/10251"}],"wp:attachment":[{"href":"http:\/\/basakcilastik.com.tr\/index.php?rest_route=%2Fwp%2Fv2%2Fmedia&parent=10249"}],"wp:term":[{"taxonomy":"product_brand","embeddable":true,"href":"http:\/\/basakcilastik.com.tr\/index.php?rest_route=%2Fwp%2Fv2%2Fproduct_brand&post=10249"},{"taxonomy":"product_cat","embeddable":true,"href":"http:\/\/basakcilastik.com.tr\/index.php?rest_route=%2Fwp%2Fv2%2Fproduct_cat&post=10249"},{"taxonomy":"product_tag","embeddable":true,"href":"http:\/\/basakcilastik.com.tr\/index.php?rest_route=%2Fwp%2Fv2%2Fproduct_tag&post=10249"}],"curies":[{"name":"wp","href":"https:\/\/api.w.org\/{rel}","templated":true}]}}