{"id":10224,"date":"2020-07-20T22:04:38","date_gmt":"2020-07-20T22:04:38","guid":{"rendered":"https:\/\/basakcilastik.com.tr\/?post_type=product&#038;p=10224"},"modified":"2020-07-20T22:04:38","modified_gmt":"2020-07-20T22:04:38","slug":"bozma-saloma-ic-lulesi-no0-2-100-mm-45706","status":"publish","type":"product","link":"http:\/\/basakcilastik.com.tr\/?product=bozma-saloma-ic-lulesi-no0-2-100-mm-45706","title":{"rendered":"Bozma \u015ealoma \u0130\u00e7 L\u00fclesi No0 2-100 mm 45706"},"content":{"rendered":"<p>BOZMA \u015eALOMA DI\u015e LULESI NO:0 2-100 MM<\/p>\n<p>&nbsp;<\/p>\n<table width=\"310\">\n<tbody>\n<tr>\n<td width=\"50%\"><strong>Kullan\u0131ld\u0131\u011f\u0131 Kesiciler<\/strong><\/td>\n<td>:4571<\/td>\n<\/tr>\n<tr>\n<td width=\"50%\"><strong>Kesme Kal\u0131nl\u0131\u011f\u0131<\/strong><\/td>\n<td>:2-100 mm<\/td>\n<\/tr>\n<tr>\n<td width=\"50%\"><strong>\u00d6zellik<\/strong><\/td>\n<td>:Bak\u0131r Kovan<\/td>\n<\/tr>\n<\/tbody>\n<\/table>\n","protected":false},"excerpt":{"rendered":"<p>BOZMA \u015eALOMA DI\u015e LULESI NO:0 2-100 MM &nbsp; Kullan\u0131ld\u0131\u011f\u0131 Kesiciler :4571 Kesme Kal\u0131nl\u0131\u011f\u0131 :2-100 mm \u00d6zellik :Bak\u0131r Kovan<\/p>\n","protected":false},"featured_media":10227,"comment_status":"open","ping_status":"closed","template":"","meta":[],"product_brand":[],"product_cat":[15,132,131],"product_tag":[],"class_list":{"0":"post-10224","1":"product","2":"type-product","3":"status-publish","4":"has-post-thumbnail","6":"product_cat-genel","7":"product_cat-gaz-armaturleri","8":"product_cat-gaz-armaturleri-basinc-dusuruculer","10":"first","11":"instock","12":"shipping-taxable","13":"product-type-simple"},"_links":{"self":[{"href":"http:\/\/basakcilastik.com.tr\/index.php?rest_route=\/wp\/v2\/product\/10224","targetHints":{"allow":["GET"]}}],"collection":[{"href":"http:\/\/basakcilastik.com.tr\/index.php?rest_route=\/wp\/v2\/product"}],"about":[{"href":"http:\/\/basakcilastik.com.tr\/index.php?rest_route=\/wp\/v2\/types\/product"}],"replies":[{"embeddable":true,"href":"http:\/\/basakcilastik.com.tr\/index.php?rest_route=%2Fwp%2Fv2%2Fcomments&post=10224"}],"wp:featuredmedia":[{"embeddable":true,"href":"http:\/\/basakcilastik.com.tr\/index.php?rest_route=\/wp\/v2\/media\/10227"}],"wp:attachment":[{"href":"http:\/\/basakcilastik.com.tr\/index.php?rest_route=%2Fwp%2Fv2%2Fmedia&parent=10224"}],"wp:term":[{"taxonomy":"product_brand","embeddable":true,"href":"http:\/\/basakcilastik.com.tr\/index.php?rest_route=%2Fwp%2Fv2%2Fproduct_brand&post=10224"},{"taxonomy":"product_cat","embeddable":true,"href":"http:\/\/basakcilastik.com.tr\/index.php?rest_route=%2Fwp%2Fv2%2Fproduct_cat&post=10224"},{"taxonomy":"product_tag","embeddable":true,"href":"http:\/\/basakcilastik.com.tr\/index.php?rest_route=%2Fwp%2Fv2%2Fproduct_tag&post=10224"}],"curies":[{"name":"wp","href":"https:\/\/api.w.org\/{rel}","templated":true}]}}