{"id":10210,"date":"2020-07-20T22:01:31","date_gmt":"2020-07-20T22:01:31","guid":{"rendered":"https:\/\/basakcilastik.com.tr\/?post_type=product&#038;p=10210"},"modified":"2020-07-20T22:01:31","modified_gmt":"2020-07-20T22:01:31","slug":"basinc-gostergesi-0-315-azot-giris-53315","status":"publish","type":"product","link":"http:\/\/basakcilastik.com.tr\/?product=basinc-gostergesi-0-315-azot-giris-53315","title":{"rendered":"Bas\u0131n\u00e7 G\u00f6stergesi 0-315 Azot Giri\u015f 53315"},"content":{"rendered":"<p>Bas\u0131n\u00e7 G\u00f6stergesi 0-315 Azot Giri\u015f<\/p>\n<p>&nbsp;<\/p>\n<table width=\"248\">\n<tbody>\n<tr>\n<td width=\"50%\"><strong>Ba\u011flant\u0131 \u00d6l\u00e7\u00fcs\u00fc<\/strong><\/td>\n<td>:R 1\/4&#8221;<\/td>\n<\/tr>\n<tr>\n<td width=\"50%\"><strong>D\u0131\u015f \u00c7ap\u0131<\/strong><\/td>\n<td>:63 mm<\/td>\n<\/tr>\n<tr>\n<td width=\"50%\"><strong>Kullan\u0131m Bas\u0131nc\u0131<\/strong><\/td>\n<td>:0-230 bar<\/td>\n<\/tr>\n<tr>\n<td width=\"50%\"><strong>Manometre Bas\u0131nc\u0131<\/strong><\/td>\n<td>:0-315 bar<\/td>\n<\/tr>\n<\/tbody>\n<\/table>\n","protected":false},"excerpt":{"rendered":"<p>Bas\u0131n\u00e7 G\u00f6stergesi 0-315 Azot Giri\u015f &nbsp; Ba\u011flant\u0131 \u00d6l\u00e7\u00fcs\u00fc :R 1\/4&#8221; D\u0131\u015f \u00c7ap\u0131 :63 mm Kullan\u0131m Bas\u0131nc\u0131 :0-230 bar Manometre Bas\u0131nc\u0131 :0-315 bar<\/p>\n","protected":false},"featured_media":10213,"comment_status":"open","ping_status":"closed","template":"","meta":[],"product_brand":[],"product_cat":[15,132,131],"product_tag":[],"class_list":{"0":"post-10210","1":"product","2":"type-product","3":"status-publish","4":"has-post-thumbnail","6":"product_cat-genel","7":"product_cat-gaz-armaturleri","8":"product_cat-gaz-armaturleri-basinc-dusuruculer","10":"first","11":"instock","12":"shipping-taxable","13":"product-type-simple"},"_links":{"self":[{"href":"http:\/\/basakcilastik.com.tr\/index.php?rest_route=\/wp\/v2\/product\/10210","targetHints":{"allow":["GET"]}}],"collection":[{"href":"http:\/\/basakcilastik.com.tr\/index.php?rest_route=\/wp\/v2\/product"}],"about":[{"href":"http:\/\/basakcilastik.com.tr\/index.php?rest_route=\/wp\/v2\/types\/product"}],"replies":[{"embeddable":true,"href":"http:\/\/basakcilastik.com.tr\/index.php?rest_route=%2Fwp%2Fv2%2Fcomments&post=10210"}],"wp:featuredmedia":[{"embeddable":true,"href":"http:\/\/basakcilastik.com.tr\/index.php?rest_route=\/wp\/v2\/media\/10213"}],"wp:attachment":[{"href":"http:\/\/basakcilastik.com.tr\/index.php?rest_route=%2Fwp%2Fv2%2Fmedia&parent=10210"}],"wp:term":[{"taxonomy":"product_brand","embeddable":true,"href":"http:\/\/basakcilastik.com.tr\/index.php?rest_route=%2Fwp%2Fv2%2Fproduct_brand&post=10210"},{"taxonomy":"product_cat","embeddable":true,"href":"http:\/\/basakcilastik.com.tr\/index.php?rest_route=%2Fwp%2Fv2%2Fproduct_cat&post=10210"},{"taxonomy":"product_tag","embeddable":true,"href":"http:\/\/basakcilastik.com.tr\/index.php?rest_route=%2Fwp%2Fv2%2Fproduct_tag&post=10210"}],"curies":[{"name":"wp","href":"https:\/\/api.w.org\/{rel}","templated":true}]}}