{"id":10138,"date":"2020-07-20T21:29:14","date_gmt":"2020-07-20T21:29:14","guid":{"rendered":"https:\/\/basakcilastik.com.tr\/?post_type=product&#038;p=10138"},"modified":"2020-07-20T21:29:14","modified_gmt":"2020-07-20T21:29:14","slug":"basinc-dusurucu-yuksek-debili-oksijen-5040","status":"publish","type":"product","link":"http:\/\/basakcilastik.com.tr\/?product=basinc-dusurucu-yuksek-debili-oksijen-5040","title":{"rendered":"Bas\u0131n\u00e7 D\u00fc\u015f\u00fcr\u00fcc\u00fc Y\u00fcksek Debili Oksijen 5040"},"content":{"rendered":"<p>Bas\u0131n\u00e7 D\u00fc\u015f\u00fcr\u00fcc\u00fc Y\u00fcksek Debili Oksijen<\/p>\n<p>&nbsp;<\/p>\n<table width=\"248\">\n<tbody>\n<tr>\n<td width=\"50%\"><strong>Gaz Cinsi<\/strong><\/td>\n<td>:Oksijen<\/td>\n<\/tr>\n<tr>\n<td width=\"50%\"><strong>Gaz Giri\u015f Ba\u011flant\u0131s\u0131<\/strong><\/td>\n<td>:G 3\/4&#8243;<\/td>\n<\/tr>\n<tr>\n<td width=\"50%\"><strong>Gaz \u00c7\u0131k\u0131\u015f Ba\u011flant\u0131s\u0131<\/strong><\/td>\n<td>:G 3\/4&#8243; Tesisat<\/td>\n<\/tr>\n<tr>\n<td width=\"50%\"><strong>Gaz Giri\u015f Bas\u0131nc\u0131<\/strong><\/td>\n<td>:0-230 bar<\/td>\n<\/tr>\n<tr>\n<td width=\"50%\"><strong>Gaz \u00c7\u0131k\u0131\u015f Bas\u0131nc\u0131<\/strong><\/td>\n<td>:10 bar<\/td>\n<\/tr>\n<tr>\n<td width=\"50%\"><strong>Gaz Debisi<\/strong><\/td>\n<td>:300 m3\/h<\/td>\n<\/tr>\n<\/tbody>\n<\/table>\n","protected":false},"excerpt":{"rendered":"<p>Bas\u0131n\u00e7 D\u00fc\u015f\u00fcr\u00fcc\u00fc Y\u00fcksek Debili Oksijen &nbsp; Gaz Cinsi :Oksijen Gaz Giri\u015f Ba\u011flant\u0131s\u0131 :G 3\/4&#8243; Gaz \u00c7\u0131k\u0131\u015f Ba\u011flant\u0131s\u0131 :G 3\/4&#8243; Tesisat Gaz Giri\u015f Bas\u0131nc\u0131 :0-230 bar Gaz \u00c7\u0131k\u0131\u015f Bas\u0131nc\u0131 :10 bar Gaz Debisi :300 m3\/h<\/p>\n","protected":false},"featured_media":10141,"comment_status":"open","ping_status":"closed","template":"","meta":[],"product_brand":[],"product_cat":[15,132,131],"product_tag":[],"class_list":{"0":"post-10138","1":"product","2":"type-product","3":"status-publish","4":"has-post-thumbnail","6":"product_cat-genel","7":"product_cat-gaz-armaturleri","8":"product_cat-gaz-armaturleri-basinc-dusuruculer","10":"first","11":"instock","12":"shipping-taxable","13":"product-type-simple"},"_links":{"self":[{"href":"http:\/\/basakcilastik.com.tr\/index.php?rest_route=\/wp\/v2\/product\/10138","targetHints":{"allow":["GET"]}}],"collection":[{"href":"http:\/\/basakcilastik.com.tr\/index.php?rest_route=\/wp\/v2\/product"}],"about":[{"href":"http:\/\/basakcilastik.com.tr\/index.php?rest_route=\/wp\/v2\/types\/product"}],"replies":[{"embeddable":true,"href":"http:\/\/basakcilastik.com.tr\/index.php?rest_route=%2Fwp%2Fv2%2Fcomments&post=10138"}],"wp:featuredmedia":[{"embeddable":true,"href":"http:\/\/basakcilastik.com.tr\/index.php?rest_route=\/wp\/v2\/media\/10141"}],"wp:attachment":[{"href":"http:\/\/basakcilastik.com.tr\/index.php?rest_route=%2Fwp%2Fv2%2Fmedia&parent=10138"}],"wp:term":[{"taxonomy":"product_brand","embeddable":true,"href":"http:\/\/basakcilastik.com.tr\/index.php?rest_route=%2Fwp%2Fv2%2Fproduct_brand&post=10138"},{"taxonomy":"product_cat","embeddable":true,"href":"http:\/\/basakcilastik.com.tr\/index.php?rest_route=%2Fwp%2Fv2%2Fproduct_cat&post=10138"},{"taxonomy":"product_tag","embeddable":true,"href":"http:\/\/basakcilastik.com.tr\/index.php?rest_route=%2Fwp%2Fv2%2Fproduct_tag&post=10138"}],"curies":[{"name":"wp","href":"https:\/\/api.w.org\/{rel}","templated":true}]}}