{"id":10056,"date":"2020-07-20T21:05:50","date_gmt":"2020-07-20T21:05:50","guid":{"rendered":"https:\/\/basakcilastik.com.tr\/?post_type=product&#038;p=10056"},"modified":"2020-07-20T21:05:50","modified_gmt":"2020-07-20T21:05:50","slug":"basinc-dusurucu-yuksek-basinc-argon-150-bar-50243s","status":"publish","type":"product","link":"http:\/\/basakcilastik.com.tr\/?product=basinc-dusurucu-yuksek-basinc-argon-150-bar-50243s","title":{"rendered":"Bas\u0131n\u00e7 D\u00fc\u015f\u00fcr\u00fcc\u00fc Y\u00fcksek Bas\u0131n\u00e7 Argon 150 bar 50243S"},"content":{"rendered":"<p>Bas\u0131n\u00e7 D\u00fc\u015f\u00fcr\u00fcc\u00fc Y\u00fcksek Bas\u0131n\u00e7 Argon 150 bar<\/p>\n<p>&nbsp;<\/p>\n<table width=\"310\">\n<tbody>\n<tr>\n<td width=\"50%\"><strong>Gaz \u00c7\u0131k\u0131\u015f Bas\u0131nc\u0131<\/strong><\/td>\n<td>:0 &#8211; 150 bar<\/td>\n<\/tr>\n<tr>\n<td width=\"50%\"><strong>Gaz Giri\u015f Bas\u0131nc\u0131<\/strong><\/td>\n<td>:0 &#8211; 230 bar<\/td>\n<\/tr>\n<tr>\n<td width=\"50%\"><strong>Gaz \u00c7\u0131k\u0131\u015f Ba\u011flant\u0131s\u0131<\/strong><\/td>\n<td>:G 3\/8&#8221; Tesisat<\/td>\n<\/tr>\n<tr>\n<td width=\"50%\"><strong>Gaz Giri\u015f Ba\u011flant\u0131s\u0131<\/strong><\/td>\n<td>:G 5\/8&#8221;<\/td>\n<\/tr>\n<tr>\n<td width=\"50%\"><strong>Gaz Cinsi<\/strong><\/td>\n<td>:Argon-Mix<\/td>\n<\/tr>\n<tr>\n<td width=\"50%\"><strong>Red\u00fcksiyon Ba\u011flant\u0131s\u0131<\/strong><\/td>\n<td>:W24,32&#215;1\/14<\/td>\n<\/tr>\n<\/tbody>\n<\/table>\n<p>&nbsp;<\/p>\n<p>TEKN\u0130K \u00d6ZELL\u0130KLER<\/p>\n<ul>\n<li>Y\u00fcksek bas\u0131n\u00e7 gerektiren uygulamalarda kullan\u0131l\u0131r<\/li>\n<li>\u00dcr\u00fcn \u00f6mr\u00fcn\u00fc artt\u0131ran paslanmaz filtre<\/li>\n<li>Y\u00fcksek bas\u0131nca dayan\u0131kl\u0131 pirin\u00e7 diyafram<\/li>\n<li>Pirin\u00e7 kapak ve g\u00f6vde tasar\u0131m\u0131<\/li>\n<li>\u00d8 63 mm Manometreler<\/li>\n<li>T\u00fcm t\u00fcp korumalar\u0131na uygun tasarlanm\u0131\u015f\u00a0t\u00fcp ba\u011flant\u0131s\u0131<\/li>\n<\/ul>\n","protected":false},"excerpt":{"rendered":"<p>Bas\u0131n\u00e7 D\u00fc\u015f\u00fcr\u00fcc\u00fc Y\u00fcksek Bas\u0131n\u00e7 Argon 150 bar &nbsp; Gaz \u00c7\u0131k\u0131\u015f Bas\u0131nc\u0131 :0 &#8211; 150 bar Gaz Giri\u015f Bas\u0131nc\u0131 :0 &#8211; 230 bar Gaz \u00c7\u0131k\u0131\u015f Ba\u011flant\u0131s\u0131 :G 3\/8&#8221; Tesisat Gaz Giri\u015f Ba\u011flant\u0131s\u0131 :G 5\/8&#8221; Gaz Cinsi :Argon-Mix Red\u00fcksiyon Ba\u011flant\u0131s\u0131 :W24,32&#215;1\/14 &nbsp; TEKN\u0130K \u00d6ZELL\u0130KLER Y\u00fcksek bas\u0131n\u00e7 gerektiren uygulamalarda kullan\u0131l\u0131r \u00dcr\u00fcn \u00f6mr\u00fcn\u00fc artt\u0131ran paslanmaz filtre Y\u00fcksek bas\u0131nca dayan\u0131kl\u0131 pirin\u00e7 diyafram Pirin\u00e7 kapak ve [&hellip;]<\/p>\n","protected":false},"featured_media":10058,"comment_status":"open","ping_status":"closed","template":"","meta":[],"product_brand":[],"product_cat":[15,132,131],"product_tag":[],"class_list":{"0":"post-10056","1":"product","2":"type-product","3":"status-publish","4":"has-post-thumbnail","6":"product_cat-genel","7":"product_cat-gaz-armaturleri","8":"product_cat-gaz-armaturleri-basinc-dusuruculer","10":"first","11":"instock","12":"shipping-taxable","13":"product-type-simple"},"_links":{"self":[{"href":"http:\/\/basakcilastik.com.tr\/index.php?rest_route=\/wp\/v2\/product\/10056","targetHints":{"allow":["GET"]}}],"collection":[{"href":"http:\/\/basakcilastik.com.tr\/index.php?rest_route=\/wp\/v2\/product"}],"about":[{"href":"http:\/\/basakcilastik.com.tr\/index.php?rest_route=\/wp\/v2\/types\/product"}],"replies":[{"embeddable":true,"href":"http:\/\/basakcilastik.com.tr\/index.php?rest_route=%2Fwp%2Fv2%2Fcomments&post=10056"}],"wp:featuredmedia":[{"embeddable":true,"href":"http:\/\/basakcilastik.com.tr\/index.php?rest_route=\/wp\/v2\/media\/10058"}],"wp:attachment":[{"href":"http:\/\/basakcilastik.com.tr\/index.php?rest_route=%2Fwp%2Fv2%2Fmedia&parent=10056"}],"wp:term":[{"taxonomy":"product_brand","embeddable":true,"href":"http:\/\/basakcilastik.com.tr\/index.php?rest_route=%2Fwp%2Fv2%2Fproduct_brand&post=10056"},{"taxonomy":"product_cat","embeddable":true,"href":"http:\/\/basakcilastik.com.tr\/index.php?rest_route=%2Fwp%2Fv2%2Fproduct_cat&post=10056"},{"taxonomy":"product_tag","embeddable":true,"href":"http:\/\/basakcilastik.com.tr\/index.php?rest_route=%2Fwp%2Fv2%2Fproduct_tag&post=10056"}],"curies":[{"name":"wp","href":"https:\/\/api.w.org\/{rel}","templated":true}]}}