{"id":10038,"date":"2020-07-20T21:00:22","date_gmt":"2020-07-20T21:00:22","guid":{"rendered":"https:\/\/basakcilastik.com.tr\/?post_type=product&#038;p=10038"},"modified":"2020-07-20T21:00:23","modified_gmt":"2020-07-20T21:00:23","slug":"digital-puller-5500-duo-828125","status":"publish","type":"product","link":"http:\/\/basakcilastik.com.tr\/?product=digital-puller-5500-duo-828125","title":{"rendered":"Digital Puller 5500 Duo 828125"},"content":{"rendered":"<p>DIGITAL PULLER 5500 DUO<\/p>\n<table width=\"310\">\n<tbody>\n<tr>\n<td width=\"50%\"><strong>\u015eebeke Gerilimi<\/strong><\/td>\n<td>:230<\/td>\n<\/tr>\n<tr>\n<td width=\"50%\"><strong>Gecikmeli \u015eebeke Sigortas\u0131<\/strong><\/td>\n<td>:16 (G) Tipi<\/td>\n<\/tr>\n<tr>\n<td width=\"50%\"><strong>Max G\u00fc\u00e7<\/strong><\/td>\n<td>:10,5<\/td>\n<\/tr>\n<tr>\n<td width=\"50%\"><strong>Bo\u015fta \u00c7al\u0131\u015fma Gerilimi (V)<\/strong><\/td>\n<td>:5,6<\/td>\n<\/tr>\n<tr>\n<td width=\"50%\"><strong>\u00c7al\u0131\u015fma D\u00f6ng\u00fcs\u00fc<\/strong><\/td>\n<td>:% 2<\/td>\n<\/tr>\n<tr>\n<td width=\"50%\"><strong>\u0130zolasyon S\u0131n\u0131f\u0131<\/strong><\/td>\n<td>:H<\/td>\n<\/tr>\n<tr>\n<td width=\"50%\"><strong>Koruma Derecesi<\/strong><\/td>\n<td>:IP 22<\/td>\n<\/tr>\n<tr>\n<td width=\"50%\"><strong>Makine Ebad\u0131<\/strong><\/td>\n<td>:390 x 260 x 225<\/td>\n<\/tr>\n<tr>\n<td width=\"50%\"><strong>A\u011f\u0131rl\u0131k (kg)<\/strong><\/td>\n<td>:21<\/td>\n<\/tr>\n<\/tbody>\n<\/table>\n<p>Teknik \u00d6zellik<\/p>\n<ul>\n<li>Dokunmatik panel<\/li>\n<li>Toz ve su ge\u00e7irmez ara y\u00fcz<\/li>\n<li>Mikroproses\u00f6r sayesinde otomatik ayarlama ve kullan\u0131m hatas\u0131n\u0131 \u00f6nleme \u00f6zelli\u011fi<\/li>\n<li>Opsiyonel air puller do\u011frultma aksesuar\u0131 ile kullan\u0131labilme<\/li>\n<li>Opsiyonel C tipi \u00e7ift tarafl\u0131 pense \u00e7enesi<\/li>\n<li>Makineye tak\u0131lan kaynak tabancas\u0131n\u0131 ve di\u011fer aksesuarlar\u0131 otomatik tan\u0131ma \u00f6zelli\u011fi<\/li>\n<\/ul>\n","protected":false},"excerpt":{"rendered":"<p>DIGITAL PULLER 5500 DUO \u015eebeke Gerilimi :230 Gecikmeli \u015eebeke Sigortas\u0131 :16 (G) Tipi Max G\u00fc\u00e7 :10,5 Bo\u015fta \u00c7al\u0131\u015fma Gerilimi (V) :5,6 \u00c7al\u0131\u015fma D\u00f6ng\u00fcs\u00fc :% 2 \u0130zolasyon S\u0131n\u0131f\u0131 :H Koruma Derecesi :IP 22 Makine Ebad\u0131 :390 x 260 x 225 A\u011f\u0131rl\u0131k (kg) :21 Teknik \u00d6zellik Dokunmatik panel Toz ve su ge\u00e7irmez ara y\u00fcz Mikroproses\u00f6r sayesinde otomatik ayarlama ve kullan\u0131m hatas\u0131n\u0131 \u00f6nleme [&hellip;]<\/p>\n","protected":false},"featured_media":10041,"comment_status":"open","ping_status":"closed","template":"","meta":[],"product_brand":[],"product_cat":[15,131,134],"product_tag":[],"class_list":{"0":"post-10038","1":"product","2":"type-product","3":"status-publish","4":"has-post-thumbnail","6":"product_cat-genel","7":"product_cat-gaz-armaturleri-basinc-dusuruculer","8":"product_cat-kaynak-makineleri","10":"first","11":"instock","12":"shipping-taxable","13":"product-type-simple"},"_links":{"self":[{"href":"http:\/\/basakcilastik.com.tr\/index.php?rest_route=\/wp\/v2\/product\/10038","targetHints":{"allow":["GET"]}}],"collection":[{"href":"http:\/\/basakcilastik.com.tr\/index.php?rest_route=\/wp\/v2\/product"}],"about":[{"href":"http:\/\/basakcilastik.com.tr\/index.php?rest_route=\/wp\/v2\/types\/product"}],"replies":[{"embeddable":true,"href":"http:\/\/basakcilastik.com.tr\/index.php?rest_route=%2Fwp%2Fv2%2Fcomments&post=10038"}],"wp:featuredmedia":[{"embeddable":true,"href":"http:\/\/basakcilastik.com.tr\/index.php?rest_route=\/wp\/v2\/media\/10041"}],"wp:attachment":[{"href":"http:\/\/basakcilastik.com.tr\/index.php?rest_route=%2Fwp%2Fv2%2Fmedia&parent=10038"}],"wp:term":[{"taxonomy":"product_brand","embeddable":true,"href":"http:\/\/basakcilastik.com.tr\/index.php?rest_route=%2Fwp%2Fv2%2Fproduct_brand&post=10038"},{"taxonomy":"product_cat","embeddable":true,"href":"http:\/\/basakcilastik.com.tr\/index.php?rest_route=%2Fwp%2Fv2%2Fproduct_cat&post=10038"},{"taxonomy":"product_tag","embeddable":true,"href":"http:\/\/basakcilastik.com.tr\/index.php?rest_route=%2Fwp%2Fv2%2Fproduct_tag&post=10038"}],"curies":[{"name":"wp","href":"https:\/\/api.w.org\/{rel}","templated":true}]}}