{"id":10031,"date":"2020-07-20T20:56:59","date_gmt":"2020-07-20T20:56:59","guid":{"rendered":"https:\/\/basakcilastik.com.tr\/?post_type=product&#038;p=10031"},"modified":"2020-07-20T20:57:26","modified_gmt":"2020-07-20T20:57:26","slug":"digital-modular-230-823016","status":"publish","type":"product","link":"http:\/\/basakcilastik.com.tr\/?product=digital-modular-230-823016","title":{"rendered":"Digital Modular 230 823016"},"content":{"rendered":"<p>DIGITAL MODULAR 230<\/p>\n<p>&nbsp;<\/p>\n<table width=\"310\">\n<tbody>\n<tr>\n<td width=\"50%\"><strong>\u015eebeke Gerilimi<\/strong><\/td>\n<td>:230<\/td>\n<\/tr>\n<tr>\n<td width=\"50%\"><strong>Max G\u00fc\u00e7<\/strong><\/td>\n<td>:13<\/td>\n<\/tr>\n<tr>\n<td width=\"50%\"><strong>\u00c7ift Tarafl\u0131 Punta Kaynak<\/strong><\/td>\n<td>:2+2<\/td>\n<\/tr>\n<tr>\n<td width=\"50%\"><strong>Makine Ebad\u0131 (mm)<\/strong><\/td>\n<td>:440 x 100 x 185<\/td>\n<\/tr>\n<tr>\n<td width=\"50%\"><strong>A\u011f\u0131rl\u0131k (kg)<\/strong><\/td>\n<td>:10,5<\/td>\n<\/tr>\n<\/tbody>\n<\/table>\n","protected":false},"excerpt":{"rendered":"<p>DIGITAL MODULAR 230 &nbsp; \u015eebeke Gerilimi :230 Max G\u00fc\u00e7 :13 \u00c7ift Tarafl\u0131 Punta Kaynak :2+2 Makine Ebad\u0131 (mm) :440 x 100 x 185 A\u011f\u0131rl\u0131k (kg) :10,5<\/p>\n","protected":false},"featured_media":10033,"comment_status":"open","ping_status":"closed","template":"","meta":[],"product_brand":[],"product_cat":[15,131,134],"product_tag":[],"class_list":{"0":"post-10031","1":"product","2":"type-product","3":"status-publish","4":"has-post-thumbnail","6":"product_cat-genel","7":"product_cat-gaz-armaturleri-basinc-dusuruculer","8":"product_cat-kaynak-makineleri","10":"first","11":"instock","12":"shipping-taxable","13":"product-type-simple"},"_links":{"self":[{"href":"http:\/\/basakcilastik.com.tr\/index.php?rest_route=\/wp\/v2\/product\/10031","targetHints":{"allow":["GET"]}}],"collection":[{"href":"http:\/\/basakcilastik.com.tr\/index.php?rest_route=\/wp\/v2\/product"}],"about":[{"href":"http:\/\/basakcilastik.com.tr\/index.php?rest_route=\/wp\/v2\/types\/product"}],"replies":[{"embeddable":true,"href":"http:\/\/basakcilastik.com.tr\/index.php?rest_route=%2Fwp%2Fv2%2Fcomments&post=10031"}],"wp:featuredmedia":[{"embeddable":true,"href":"http:\/\/basakcilastik.com.tr\/index.php?rest_route=\/wp\/v2\/media\/10033"}],"wp:attachment":[{"href":"http:\/\/basakcilastik.com.tr\/index.php?rest_route=%2Fwp%2Fv2%2Fmedia&parent=10031"}],"wp:term":[{"taxonomy":"product_brand","embeddable":true,"href":"http:\/\/basakcilastik.com.tr\/index.php?rest_route=%2Fwp%2Fv2%2Fproduct_brand&post=10031"},{"taxonomy":"product_cat","embeddable":true,"href":"http:\/\/basakcilastik.com.tr\/index.php?rest_route=%2Fwp%2Fv2%2Fproduct_cat&post=10031"},{"taxonomy":"product_tag","embeddable":true,"href":"http:\/\/basakcilastik.com.tr\/index.php?rest_route=%2Fwp%2Fv2%2Fproduct_tag&post=10031"}],"curies":[{"name":"wp","href":"https:\/\/api.w.org\/{rel}","templated":true}]}}