{"id":10022,"date":"2020-07-20T20:54:34","date_gmt":"2020-07-20T20:54:34","guid":{"rendered":"https:\/\/basakcilastik.com.tr\/?post_type=product&#038;p=10022"},"modified":"2020-07-20T20:54:34","modified_gmt":"2020-07-20T20:54:34","slug":"basinc-dusurucu-oksijen-5401s","status":"publish","type":"product","link":"http:\/\/basakcilastik.com.tr\/?product=basinc-dusurucu-oksijen-5401s","title":{"rendered":"Bas\u0131n\u00e7 D\u00fc\u015f\u00fcr\u00fcc\u00fc Oksijen 5401S"},"content":{"rendered":"<p>Bas\u0131n\u00e7 D\u00fc\u015f\u00fcr\u00fcc\u00fc Oksijen<\/p>\n<p>&nbsp;<\/p>\n<table width=\"310\">\n<tbody>\n<tr>\n<td width=\"50%\"><strong>Gaz Giri\u015f Ba\u011flant\u0131s\u0131<\/strong><\/td>\n<td>:G 3\/4 &#8220;<\/td>\n<\/tr>\n<tr>\n<td width=\"50%\"><strong>Gaz \u00c7\u0131k\u0131\u015f Ba\u011flant\u0131s\u0131<\/strong><\/td>\n<td>:G 3\/8&#8243;<\/td>\n<\/tr>\n<tr>\n<td width=\"50%\"><strong>Red\u00fcksiyon Ba\u011flant\u0131s\u0131<\/strong><\/td>\n<td>:-<\/td>\n<\/tr>\n<tr>\n<td width=\"50%\"><strong>Gaz Giri\u015f Bas\u0131nc\u0131<\/strong><\/td>\n<td>:0-230 bar<\/td>\n<\/tr>\n<tr>\n<td width=\"50%\"><strong>Gaz \u00c7\u0131k\u0131\u015f Bas\u0131nc\u0131<\/strong><\/td>\n<td>:0-10 bar<\/td>\n<\/tr>\n<tr>\n<td width=\"50%\"><strong>Gaz Debisi (p2=10 bar)<\/strong><\/td>\n<td>:30 m3\/h<\/td>\n<\/tr>\n<\/tbody>\n<\/table>\n<p>TEKN\u0130K \u00d6ZELL\u0130KLER<\/p>\n<ul>\n<li>Kesme, tavlama, kaynak ve sert lehimleme<\/li>\n<li>EN ISO 2503 standard\u0131na uygunluk (TSE,APRAGAZ)<\/li>\n<li>\u00dcr\u00fcn \u00f6mr\u00fcn\u00fc artt\u0131ran paslanmaz filtre<\/li>\n<li>Krom kaplama kapak ve pirin\u00e7 g\u00f6vde tasar\u0131m\u0131<\/li>\n<li>Tasar\u0131m\u0131 tescilli bas\u0131n\u00e7 d\u00fc\u015f\u00fcr\u00fcc\u00fc muhafazas\u0131<\/li>\n<li>G\u00fcvenli\u011fi sa\u011flayan geli\u015ftirilmi\u015f sigorta sistemi<\/li>\n<li>T\u00fcm t\u00fcp korumalar\u0131na uygun tasarlanm\u0131\u015f t\u00fcp ba\u011flant\u0131s\u0131<\/li>\n<li>\u00d86 &#8211; \u00d88 mm hortumlara uygun ba\u011flant\u0131 rakoru<\/li>\n<\/ul>\n","protected":false},"excerpt":{"rendered":"<p>Bas\u0131n\u00e7 D\u00fc\u015f\u00fcr\u00fcc\u00fc Oksijen &nbsp; Gaz Giri\u015f Ba\u011flant\u0131s\u0131 :G 3\/4 &#8220; Gaz \u00c7\u0131k\u0131\u015f Ba\u011flant\u0131s\u0131 :G 3\/8&#8243; Red\u00fcksiyon Ba\u011flant\u0131s\u0131 :- Gaz Giri\u015f Bas\u0131nc\u0131 :0-230 bar Gaz \u00c7\u0131k\u0131\u015f Bas\u0131nc\u0131 :0-10 bar Gaz Debisi (p2=10 bar) :30 m3\/h TEKN\u0130K \u00d6ZELL\u0130KLER Kesme, tavlama, kaynak ve sert lehimleme EN ISO 2503 standard\u0131na uygunluk (TSE,APRAGAZ) \u00dcr\u00fcn \u00f6mr\u00fcn\u00fc artt\u0131ran paslanmaz filtre Krom kaplama kapak ve pirin\u00e7 g\u00f6vde tasar\u0131m\u0131 [&hellip;]<\/p>\n","protected":false},"featured_media":10023,"comment_status":"open","ping_status":"closed","template":"","meta":[],"product_brand":[],"product_cat":[15,132,131],"product_tag":[],"class_list":{"0":"post-10022","1":"product","2":"type-product","3":"status-publish","4":"has-post-thumbnail","6":"product_cat-genel","7":"product_cat-gaz-armaturleri","8":"product_cat-gaz-armaturleri-basinc-dusuruculer","10":"first","11":"instock","12":"shipping-taxable","13":"product-type-simple"},"_links":{"self":[{"href":"http:\/\/basakcilastik.com.tr\/index.php?rest_route=\/wp\/v2\/product\/10022","targetHints":{"allow":["GET"]}}],"collection":[{"href":"http:\/\/basakcilastik.com.tr\/index.php?rest_route=\/wp\/v2\/product"}],"about":[{"href":"http:\/\/basakcilastik.com.tr\/index.php?rest_route=\/wp\/v2\/types\/product"}],"replies":[{"embeddable":true,"href":"http:\/\/basakcilastik.com.tr\/index.php?rest_route=%2Fwp%2Fv2%2Fcomments&post=10022"}],"wp:featuredmedia":[{"embeddable":true,"href":"http:\/\/basakcilastik.com.tr\/index.php?rest_route=\/wp\/v2\/media\/10023"}],"wp:attachment":[{"href":"http:\/\/basakcilastik.com.tr\/index.php?rest_route=%2Fwp%2Fv2%2Fmedia&parent=10022"}],"wp:term":[{"taxonomy":"product_brand","embeddable":true,"href":"http:\/\/basakcilastik.com.tr\/index.php?rest_route=%2Fwp%2Fv2%2Fproduct_brand&post=10022"},{"taxonomy":"product_cat","embeddable":true,"href":"http:\/\/basakcilastik.com.tr\/index.php?rest_route=%2Fwp%2Fv2%2Fproduct_cat&post=10022"},{"taxonomy":"product_tag","embeddable":true,"href":"http:\/\/basakcilastik.com.tr\/index.php?rest_route=%2Fwp%2Fv2%2Fproduct_tag&post=10022"}],"curies":[{"name":"wp","href":"https:\/\/api.w.org\/{rel}","templated":true}]}}